{"id":6371,"date":"2003-02-23T00:00:00","date_gmt":"2003-02-23T00:00:00","guid":{"rendered":"https:\/\/miners.rocks\/product\/schwarze-turmaline-koralpe-2\/"},"modified":"2020-05-19T17:06:16","modified_gmt":"2020-05-19T17:06:16","slug":"tourmaline-noire-cornaline-2","status":"publish","type":"product","link":"https:\/\/westgem.shop\/fr\/produit\/tourmaline-noire-cornaline-2\/","title":{"rendered":"TURMALINE noire - Koralpe"},"content":{"rendered":"<p><u>TURMALINE noire dans un MARBRE en vieux cristal.<\/u><\/p>\n<p>Coupe transversale d'une PEGMATITE typique de la CORALPE en Carinthie orientale.<\/p>\n<p>La pi\u00e8ce a \u00e9t\u00e9 coup\u00e9e sur tous les c\u00f4t\u00e9s (non polie) pour voir \u00e0 l'int\u00e9rieur comment la TURMALINE et la MUSCOVITE argent\u00e9e sont r\u00e9parties dans la PEGMATITE.<\/p>\n<p>Les PEGMATITES sont un MAGMA particulier qui s'infiltre profond\u00e9ment dans les fissures et les crevasses de la cro\u00fbte terrestre, puis se solidifie en refroidissant \u00e0 environ 450 degr\u00e9s.<\/p>\n<p>Les PEGMATITES sont compos\u00e9es de quartz, de min\u00e9raux, de lueurs et d'autres \u00e9l\u00e9ments, et il arrive r\u00e9guli\u00e8rement que ces PEGMATITES contiennent des TOPAS, des QUARTZ FUM\u00c9S, des TURMALINES, des BERYLES....<\/p>\n<p>Lieu de la d\u00e9couverte. Grand SPEIKKOGEL - CORALPE - Carinthie<\/p>\n<p>Poids : 430 g Dimensions : 9 x 7 x 2,5 cm<\/p>","protected":false},"excerpt":{"rendered":"<p>TURMALINE noire dans du MARBRE en vieux cristal. Coupe transversale d'une PEGMATITE typique de la CORALPE en Carinthie orientale. La pi\u00e8ce a \u00e9t\u00e9 coup\u00e9e sur tous les c\u00f4t\u00e9s (non polie) pour voir \u00e0 l'int\u00e9rieur comment les TURMALINES et la MUSCOVITE argent\u00e9e sont r\u00e9parties dans la PEGMATITE. La PEGMATITE est un MAGMA particulier qui se trouve dans les profondeurs de la cro\u00fbte terrestre, dans les fissures et les [...].<\/p>","protected":false},"featured_media":6372,"template":"","meta":{"_acf_changed":false},"region":[],"product_brand":[],"product_cat":[15],"product_tag":[],"class_list":{"0":"post-6371","1":"product","2":"type-product","3":"status-publish","4":"has-post-thumbnail","6":"product_cat-mineralien","8":"first","9":"outofstock","10":"sold-individually","11":"product-type-simple"},"acf":[],"_links":{"self":[{"href":"https:\/\/westgem.shop\/fr\/wp-json\/wp\/v2\/product\/6371","targetHints":{"allow":["GET"]}}],"collection":[{"href":"https:\/\/westgem.shop\/fr\/wp-json\/wp\/v2\/product"}],"about":[{"href":"https:\/\/westgem.shop\/fr\/wp-json\/wp\/v2\/types\/product"}],"wp:featuredmedia":[{"embeddable":true,"href":"https:\/\/westgem.shop\/fr\/wp-json\/wp\/v2\/media\/6372"}],"wp:attachment":[{"href":"https:\/\/westgem.shop\/fr\/wp-json\/wp\/v2\/media?parent=6371"}],"wp:term":[{"taxonomy":"region","embeddable":true,"href":"https:\/\/westgem.shop\/fr\/wp-json\/wp\/v2\/region?post=6371"},{"taxonomy":"product_brand","embeddable":true,"href":"https:\/\/westgem.shop\/fr\/wp-json\/wp\/v2\/product_brand?post=6371"},{"taxonomy":"product_cat","embeddable":true,"href":"https:\/\/westgem.shop\/fr\/wp-json\/wp\/v2\/product_cat?post=6371"},{"taxonomy":"product_tag","embeddable":true,"href":"https:\/\/westgem.shop\/fr\/wp-json\/wp\/v2\/product_tag?post=6371"}],"curies":[{"name":"wp","href":"https:\/\/api.w.org\/{rel}","templated":true}]}}