{"id":6376,"date":"2003-02-24T00:00:00","date_gmt":"2003-02-24T00:00:00","guid":{"rendered":"https:\/\/miners.rocks\/product\/rauchquarz-himalaya\/"},"modified":"2020-05-19T17:06:18","modified_gmt":"2020-05-19T17:06:18","slug":"quartz-fume-himalaya","status":"publish","type":"product","link":"https:\/\/westgem.shop\/fr\/produit\/quartz-fume-himalaya\/","title":{"rendered":"QUARTZ FUM\u00c9 - HIMALAYA"},"content":{"rendered":"<p>Niveau de QUARTZ FUM\u00c9 - en partie recouvert de CALCITE.<\/p>\n<p>En r\u00e8gle g\u00e9n\u00e9rale, le CALCIT est \u00e9limin\u00e9 \u00e0 l'aide d'acide chlorhydrique dilu\u00e9. Mais ce niveau est \"frais de montagne\" et NON purifi\u00e9, donc tout \u00e0 fait naturel.<\/p>\n<p>Les marches en cristal de roche et en quartz fum\u00e9 de l'Himalaya sont typiques des Alpes, c'est-\u00e0-dire que leur structure et leurs paragen\u00e8ses sont presque identiques \u00e0 celles des marches des ALPES.<\/p>\n<p>Trouv\u00e9 dans la vall\u00e9e de SHIGAR en HIMALYA<\/p>\n<p>GILGIT - PAKISTAN<\/p>\n<p>Poids : 320 g Dimensions : 9 x 8 x 6 cm<\/p>","protected":false},"excerpt":{"rendered":"<p>Niveau de QUARTZ FUM\u00c9 - parfois recouvert de CALCITE. En r\u00e8gle g\u00e9n\u00e9rale, la CALCITE est \u00e9limin\u00e9e \u00e0 l'aide d'acide chlorhydrique dilu\u00e9. Mais ce niveau est \"frais de montagne\" et NON purifi\u00e9, il est donc tout \u00e0 fait naturel. Les marches en cristal de roche et en quartz fum\u00e9 de l'Himalaya sont typiques des Alpes, c'est-\u00e0-dire que leur structure et leurs paragen\u00e8ses sont presque identiques \u00e0 celles des marches des ALPES. Le lieu de d\u00e9couverte \u00e9tait le SHIGAR [...].<\/p>","protected":false},"featured_media":6377,"template":"","meta":{"_acf_changed":false},"region":[],"product_brand":[],"product_cat":[15],"product_tag":[],"class_list":{"0":"post-6376","1":"product","2":"type-product","3":"status-publish","4":"has-post-thumbnail","6":"product_cat-mineralien","8":"first","9":"outofstock","10":"sold-individually","11":"product-type-simple"},"acf":[],"_links":{"self":[{"href":"https:\/\/westgem.shop\/fr\/wp-json\/wp\/v2\/product\/6376","targetHints":{"allow":["GET"]}}],"collection":[{"href":"https:\/\/westgem.shop\/fr\/wp-json\/wp\/v2\/product"}],"about":[{"href":"https:\/\/westgem.shop\/fr\/wp-json\/wp\/v2\/types\/product"}],"wp:featuredmedia":[{"embeddable":true,"href":"https:\/\/westgem.shop\/fr\/wp-json\/wp\/v2\/media\/6377"}],"wp:attachment":[{"href":"https:\/\/westgem.shop\/fr\/wp-json\/wp\/v2\/media?parent=6376"}],"wp:term":[{"taxonomy":"region","embeddable":true,"href":"https:\/\/westgem.shop\/fr\/wp-json\/wp\/v2\/region?post=6376"},{"taxonomy":"product_brand","embeddable":true,"href":"https:\/\/westgem.shop\/fr\/wp-json\/wp\/v2\/product_brand?post=6376"},{"taxonomy":"product_cat","embeddable":true,"href":"https:\/\/westgem.shop\/fr\/wp-json\/wp\/v2\/product_cat?post=6376"},{"taxonomy":"product_tag","embeddable":true,"href":"https:\/\/westgem.shop\/fr\/wp-json\/wp\/v2\/product_tag?post=6376"}],"curies":[{"name":"wp","href":"https:\/\/api.w.org\/{rel}","templated":true}]}}