{"id":6380,"date":"2003-02-25T00:00:00","date_gmt":"2003-02-25T00:00:00","guid":{"rendered":"https:\/\/miners.rocks\/product\/bergkristall-hohe-tauern-2\/"},"modified":"2020-05-19T17:06:18","modified_gmt":"2020-05-19T17:06:18","slug":"cristal-de-roche-du-hohe-tauern-2","status":"publish","type":"product","link":"https:\/\/westgem.shop\/fr\/produit\/cristal-de-roche-du-hohe-tauern-2\/","title":{"rendered":"CRISTAL DE MONTAGNE - Hohe Tauern"},"content":{"rendered":"<p>\n\tPetit, mais beau, CRISTAL DE MONTAGNE tr\u00e8s brillant dans une cavit\u00e9 en quartz \u00e9pais.<\/p>\n<\/p>\n<p>\n\tLe lieu de d\u00e9couverte \u00e9tait la SCHOBERSPITZE (2.573m) dans la r\u00e9gion de REI\ufb02ECK dans les HAUTES TAURES - K\u00c4RNTEN.<\/p>\n<\/p>\n<p>\n\tPoids : 285 g Dimensions : 9 x 8 x 7 cm<\/p>","protected":false},"excerpt":{"rendered":"<p>Petit, mais beau, CRISTAL DE MONTAGNE tr\u00e8s brillant dans une cavit\u00e9 dans du quartz \u00e9pais. Trouv\u00e9 \u00e0 la SCHOBERSPITZE (2.573m) dans la r\u00e9gion de REI\ufb02ECK dans les HAUTES TAURES - KAIRNTEN Poids : 285 g Dimensions : 9 x 8 x 7 cm<\/p>","protected":false},"featured_media":6381,"template":"","meta":{"_acf_changed":false},"region":[],"product_brand":[],"product_cat":[15],"product_tag":[],"class_list":{"0":"post-6380","1":"product","2":"type-product","3":"status-publish","4":"has-post-thumbnail","6":"product_cat-mineralien","8":"first","9":"outofstock","10":"sold-individually","11":"product-type-simple"},"acf":[],"_links":{"self":[{"href":"https:\/\/westgem.shop\/fr\/wp-json\/wp\/v2\/product\/6380","targetHints":{"allow":["GET"]}}],"collection":[{"href":"https:\/\/westgem.shop\/fr\/wp-json\/wp\/v2\/product"}],"about":[{"href":"https:\/\/westgem.shop\/fr\/wp-json\/wp\/v2\/types\/product"}],"wp:featuredmedia":[{"embeddable":true,"href":"https:\/\/westgem.shop\/fr\/wp-json\/wp\/v2\/media\/6381"}],"wp:attachment":[{"href":"https:\/\/westgem.shop\/fr\/wp-json\/wp\/v2\/media?parent=6380"}],"wp:term":[{"taxonomy":"region","embeddable":true,"href":"https:\/\/westgem.shop\/fr\/wp-json\/wp\/v2\/region?post=6380"},{"taxonomy":"product_brand","embeddable":true,"href":"https:\/\/westgem.shop\/fr\/wp-json\/wp\/v2\/product_brand?post=6380"},{"taxonomy":"product_cat","embeddable":true,"href":"https:\/\/westgem.shop\/fr\/wp-json\/wp\/v2\/product_cat?post=6380"},{"taxonomy":"product_tag","embeddable":true,"href":"https:\/\/westgem.shop\/fr\/wp-json\/wp\/v2\/product_tag?post=6380"}],"curies":[{"name":"wp","href":"https:\/\/api.w.org\/{rel}","templated":true}]}}