{"id":6389,"date":"2003-02-27T00:00:00","date_gmt":"2003-02-27T00:00:00","guid":{"rendered":"https:\/\/miners.rocks\/product\/calcitxx-siderit-xx-huettenberg\/"},"modified":"2020-05-19T17:06:19","modified_gmt":"2020-05-19T17:06:19","slug":"calcitxx-siderit-xx-huettenberg","status":"publish","type":"product","link":"https:\/\/westgem.shop\/fr\/produit\/calcitxx-siderit-xx-huettenberg\/","title":{"rendered":"CALCITxx SIDERIT xx - H\u00fcttenberg"},"content":{"rendered":"<p>\n\tTypique de H\u00dcTTENBERG.<\/p>\n<p>\n\t<u>CALCITE blanche xx sur SIDERITE brune massive - FER BRUN et PYRITE xx dor\u00e9e.<\/u><\/p>\n<p>\n\tDe l'ancienne mine H\u00dcTTENBERG - c'est ici que le fameux FER NORDIQUE \u00e9tait d\u00e9j\u00e0 exploit\u00e9 par les KELTEN et les ROMANS il y a plus de 2 000 ans.<\/p>\n<p>\n\tPoids de la marche : 0,78 kilogramme Dimensions : 10 x 8 x 7 cm<\/p>\n<p>\n\tLa derni\u00e8re photo montre la face inf\u00e9rieure<\/p>","protected":false},"excerpt":{"rendered":"<p>Typique de H\u00dcTTENBERG. CALCITE blanche xx sur SIDERITE brune massive - FER BRUN et PYRITE xx brillante comme l'or. Provient de l'ancienne mine H\u00dcTTENBERG - c'est ici que le fameux FER NORDIQUE \u00e9tait d\u00e9j\u00e0 exploit\u00e9 par les KELTEN et les R\u00d6MER il y a plus de 2 000 ans. Poids de la marche : 0,78 kilogramme Dimensions : 10 x 8 x 7 cm La derni\u00e8re photo montre [...]<\/p>","protected":false},"featured_media":6390,"template":"","meta":{"_acf_changed":false},"region":[],"product_brand":[],"product_cat":[15],"product_tag":[],"class_list":{"0":"post-6389","1":"product","2":"type-product","3":"status-publish","4":"has-post-thumbnail","6":"product_cat-mineralien","8":"first","9":"outofstock","10":"sold-individually","11":"product-type-simple"},"acf":[],"_links":{"self":[{"href":"https:\/\/westgem.shop\/fr\/wp-json\/wp\/v2\/product\/6389","targetHints":{"allow":["GET"]}}],"collection":[{"href":"https:\/\/westgem.shop\/fr\/wp-json\/wp\/v2\/product"}],"about":[{"href":"https:\/\/westgem.shop\/fr\/wp-json\/wp\/v2\/types\/product"}],"wp:featuredmedia":[{"embeddable":true,"href":"https:\/\/westgem.shop\/fr\/wp-json\/wp\/v2\/media\/6390"}],"wp:attachment":[{"href":"https:\/\/westgem.shop\/fr\/wp-json\/wp\/v2\/media?parent=6389"}],"wp:term":[{"taxonomy":"region","embeddable":true,"href":"https:\/\/westgem.shop\/fr\/wp-json\/wp\/v2\/region?post=6389"},{"taxonomy":"product_brand","embeddable":true,"href":"https:\/\/westgem.shop\/fr\/wp-json\/wp\/v2\/product_brand?post=6389"},{"taxonomy":"product_cat","embeddable":true,"href":"https:\/\/westgem.shop\/fr\/wp-json\/wp\/v2\/product_cat?post=6389"},{"taxonomy":"product_tag","embeddable":true,"href":"https:\/\/westgem.shop\/fr\/wp-json\/wp\/v2\/product_tag?post=6389"}],"curies":[{"name":"wp","href":"https:\/\/api.w.org\/{rel}","templated":true}]}}