{"id":6395,"date":"2003-02-28T00:00:00","date_gmt":"2003-02-28T00:00:00","guid":{"rendered":"https:\/\/miners.rocks\/product\/jaspis-polen\/"},"modified":"2020-05-19T17:06:20","modified_gmt":"2020-05-19T17:06:20","slug":"jaspe-polonais","status":"publish","type":"product","link":"https:\/\/westgem.shop\/fr\/produit\/jaspe-polonais\/","title":{"rendered":"JASPIS - POLOGNE"},"content":{"rendered":"<p>Beau jaspe de BASSE-LETTRE - POLOGNE<\/p>\n<p>Ponc\u00e9 \u00e0 la main sur une face et poli.<\/p>\n<p>Poids : 80 g Dimensions : 7,5 x 6 x 1,2 cm d'\u00e9paisseur.<\/p>","protected":false},"excerpt":{"rendered":"<p>Beau jaspe de BELLE-LSSE - POLOGNE Taill\u00e9 d'un c\u00f4t\u00e9 \u00e0 la main et poli. Poids : 80 g Dimensions : 7,5 x 6 x 1,2 cm d'\u00e9paisseur.<\/p>","protected":false},"featured_media":6396,"template":"","meta":{"_acf_changed":false},"region":[],"product_brand":[],"product_cat":[15],"product_tag":[],"class_list":{"0":"post-6395","1":"product","2":"type-product","3":"status-publish","4":"has-post-thumbnail","6":"product_cat-mineralien","8":"first","9":"outofstock","10":"sold-individually","11":"product-type-simple"},"acf":[],"_links":{"self":[{"href":"https:\/\/westgem.shop\/fr\/wp-json\/wp\/v2\/product\/6395","targetHints":{"allow":["GET"]}}],"collection":[{"href":"https:\/\/westgem.shop\/fr\/wp-json\/wp\/v2\/product"}],"about":[{"href":"https:\/\/westgem.shop\/fr\/wp-json\/wp\/v2\/types\/product"}],"wp:featuredmedia":[{"embeddable":true,"href":"https:\/\/westgem.shop\/fr\/wp-json\/wp\/v2\/media\/6396"}],"wp:attachment":[{"href":"https:\/\/westgem.shop\/fr\/wp-json\/wp\/v2\/media?parent=6395"}],"wp:term":[{"taxonomy":"region","embeddable":true,"href":"https:\/\/westgem.shop\/fr\/wp-json\/wp\/v2\/region?post=6395"},{"taxonomy":"product_brand","embeddable":true,"href":"https:\/\/westgem.shop\/fr\/wp-json\/wp\/v2\/product_brand?post=6395"},{"taxonomy":"product_cat","embeddable":true,"href":"https:\/\/westgem.shop\/fr\/wp-json\/wp\/v2\/product_cat?post=6395"},{"taxonomy":"product_tag","embeddable":true,"href":"https:\/\/westgem.shop\/fr\/wp-json\/wp\/v2\/product_tag?post=6395"}],"curies":[{"name":"wp","href":"https:\/\/api.w.org\/{rel}","templated":true}]}}