{"id":6405,"date":"2003-03-02T00:00:00","date_gmt":"2003-03-02T00:00:00","guid":{"rendered":"https:\/\/miners.rocks\/product\/roter-bergkristall-xx-4\/"},"modified":"2020-05-19T17:06:21","modified_gmt":"2020-05-19T17:06:21","slug":"cristal-de-roche-rouge-xx-4","status":"publish","type":"product","link":"https:\/\/westgem.shop\/fr\/produit\/cristal-de-roche-rouge-xx-4\/","title":{"rendered":"CRISTAL DE MONTAGNE \"rouge\" xx"},"content":{"rendered":"<p>CRISTAUX DE ROCHE ROUGES<\/p>\n<p>Les cristaux contiennent des proportions de GOETHIT, ce qui donne une couleur rouge intense au quartzE.<\/p>\n<p>On le trouve dans la r\u00e9gion d'ORANGE RIVER en AFRIQUE du Sud.<\/p>\n<p>Une de nos derni\u00e8res pi\u00e8ces d'un lot que nous avons r\u00e9cup\u00e9r\u00e9 il y a pas mal d'ann\u00e9es en Afrique du Sud, les niveaux TOP sont d\u00e9j\u00e0 tous vendus. Cette pi\u00e8ce n'est malheureusement plus aussi parfaite, d'o\u00f9 son prix avantageux.<\/p>\n<p>Poids : 390 g Dimensions : 9 x 7 x 5 cm<\/p>","protected":false},"excerpt":{"rendered":"<p>CRISTAL DE MONTAGNE ROUGE Les cristaux contiennent de la GOETHITE, ce qui donne au quartz une couleur rouge intense. La r\u00e9gion d'ORANGE RIVER au sud de l'AFRIQUE est l'une de nos derni\u00e8res pi\u00e8ces d'un lot que nous avons ramen\u00e9 du sud de l'AFRIQUE il y a plusieurs ann\u00e9es, les niveaux TOP ont d\u00e9j\u00e0 tous \u00e9t\u00e9 vendus. Cette pi\u00e8ce n'est malheureusement pas [...].<\/p>","protected":false},"featured_media":6406,"template":"","meta":{"_acf_changed":false},"region":[],"product_brand":[],"product_cat":[15],"product_tag":[],"class_list":{"0":"post-6405","1":"product","2":"type-product","3":"status-publish","4":"has-post-thumbnail","6":"product_cat-mineralien","8":"first","9":"outofstock","10":"sold-individually","11":"product-type-simple"},"acf":[],"_links":{"self":[{"href":"https:\/\/westgem.shop\/fr\/wp-json\/wp\/v2\/product\/6405","targetHints":{"allow":["GET"]}}],"collection":[{"href":"https:\/\/westgem.shop\/fr\/wp-json\/wp\/v2\/product"}],"about":[{"href":"https:\/\/westgem.shop\/fr\/wp-json\/wp\/v2\/types\/product"}],"wp:featuredmedia":[{"embeddable":true,"href":"https:\/\/westgem.shop\/fr\/wp-json\/wp\/v2\/media\/6406"}],"wp:attachment":[{"href":"https:\/\/westgem.shop\/fr\/wp-json\/wp\/v2\/media?parent=6405"}],"wp:term":[{"taxonomy":"region","embeddable":true,"href":"https:\/\/westgem.shop\/fr\/wp-json\/wp\/v2\/region?post=6405"},{"taxonomy":"product_brand","embeddable":true,"href":"https:\/\/westgem.shop\/fr\/wp-json\/wp\/v2\/product_brand?post=6405"},{"taxonomy":"product_cat","embeddable":true,"href":"https:\/\/westgem.shop\/fr\/wp-json\/wp\/v2\/product_cat?post=6405"},{"taxonomy":"product_tag","embeddable":true,"href":"https:\/\/westgem.shop\/fr\/wp-json\/wp\/v2\/product_tag?post=6405"}],"curies":[{"name":"wp","href":"https:\/\/api.w.org\/{rel}","templated":true}]}}