{"id":641,"date":"2000-03-29T00:00:00","date_gmt":"2000-03-29T00:00:00","guid":{"rendered":"https:\/\/miners.rocks\/product\/141\/"},"modified":"2020-05-19T16:55:51","modified_gmt":"2020-05-19T16:55:51","slug":"cristal-de-roche-xx-hot-springs","status":"publish","type":"product","link":"https:\/\/westgem.shop\/fr\/produit\/cristal-de-roche-xx-hot-springs\/","title":{"rendered":"BERGKRISTALL xx - Hot Springs"},"content":{"rendered":"<p>CRISTAL DE MONTAGNE DE PREMI\u00c8RE QUALIT\u00c9 provenant de la c\u00e9l\u00e8bre mine COLEMAN.<\/p>\n<p>C'est d'ARKANSAS que proviennent les meilleurs cristaux de quartz du monde, sans aucun doute. Les meilleurs cristaux sont clairs comme de l'eau, tr\u00e8s brillants et co\u00fbtent en cons\u00e9quence. Un niveau de CRISTAL DE MONTAGNE de qualit\u00e9 sup\u00e9rieure peut co\u00fbter plusieurs milliers de dollars,<\/p>\n<p>Ce niveau de cristal propos\u00e9 n'est malheureusement que de cat\u00e9gorie A. Clair - semi-transparent avec de belles surfaces terminales en cristal.<\/p>\n<p>Lieu de d\u00e9couverte : Mines Coleman au MOUNT IDA, pr\u00e8s de HOT SPRINGS<\/p>\n<p>ARKANSAS - \u00c9TATS-UNIS<\/p>\n<p>poids : 0,80 kg <\/p>\n<p>Dimensions : <u>13 x 11 x 7 cm<\/u><\/p>","protected":false},"excerpt":{"rendered":"<p>Une STUPE de CRISTAL DE MONTAGNE de premi\u00e8re qualit\u00e9 provenant de la c\u00e9l\u00e8bre mine de COLEMAN. C'est \u00e0 ARKANSAS que l'on trouve les meilleurs cristaux de quartz au monde, sans aucun doute. Les meilleurs cristaux sont clairs comme de l'eau, tr\u00e8s brillants et co\u00fbtent en cons\u00e9quence. Un niveau de CRISTAL DE MONTAGNE de qualit\u00e9 sup\u00e9rieure provenant de ce site peut co\u00fbter plusieurs milliers de dollars. Clair [...]<\/p>","protected":false},"featured_media":642,"template":"","meta":{"_acf_changed":false},"region":[],"product_brand":[],"product_cat":[15],"product_tag":[],"class_list":{"0":"post-641","1":"product","2":"type-product","3":"status-publish","4":"has-post-thumbnail","6":"product_cat-mineralien","8":"first","9":"outofstock","10":"sold-individually","11":"product-type-simple"},"acf":[],"_links":{"self":[{"href":"https:\/\/westgem.shop\/fr\/wp-json\/wp\/v2\/product\/641","targetHints":{"allow":["GET"]}}],"collection":[{"href":"https:\/\/westgem.shop\/fr\/wp-json\/wp\/v2\/product"}],"about":[{"href":"https:\/\/westgem.shop\/fr\/wp-json\/wp\/v2\/types\/product"}],"wp:featuredmedia":[{"embeddable":true,"href":"https:\/\/westgem.shop\/fr\/wp-json\/wp\/v2\/media\/642"}],"wp:attachment":[{"href":"https:\/\/westgem.shop\/fr\/wp-json\/wp\/v2\/media?parent=641"}],"wp:term":[{"taxonomy":"region","embeddable":true,"href":"https:\/\/westgem.shop\/fr\/wp-json\/wp\/v2\/region?post=641"},{"taxonomy":"product_brand","embeddable":true,"href":"https:\/\/westgem.shop\/fr\/wp-json\/wp\/v2\/product_brand?post=641"},{"taxonomy":"product_cat","embeddable":true,"href":"https:\/\/westgem.shop\/fr\/wp-json\/wp\/v2\/product_cat?post=641"},{"taxonomy":"product_tag","embeddable":true,"href":"https:\/\/westgem.shop\/fr\/wp-json\/wp\/v2\/product_tag?post=641"}],"curies":[{"name":"wp","href":"https:\/\/api.w.org\/{rel}","templated":true}]}}