{"id":6410,"date":"2003-03-03T00:00:00","date_gmt":"2003-03-03T00:00:00","guid":{"rendered":"https:\/\/miners.rocks\/product\/chalcedon-feuerstein-mehrfaerbig\/"},"modified":"2020-05-19T17:06:21","modified_gmt":"2020-05-19T17:06:21","slug":"calcedoine-silex-multifacettes","status":"publish","type":"product","link":"https:\/\/westgem.shop\/fr\/produit\/calcedoine-silex-multifacettes\/","title":{"rendered":"Calc\u00e9doine PIERRE-Multicolore"},"content":{"rendered":"<p>Tr\u00e8s beau et grand<\/p>\n<p><u>CALC\u00c9DOINE PIERRE \u00c0 FEU<\/u><\/p>\n<p>CHERT anglais <\/p>\n<p> Polychrome = multicolore - avec \u00e9corce d'alt\u00e9ration naturelle =( typique des PIERRES FEU) et ar\u00eates de rupture tranchantes comme un rasoir<\/p>\n<p>Antsirabe - Madagascar<\/p>\n<p>PRIX SPECIAL !<\/p>\n<p><u>poids : 3,4 kilogrammes<\/u>      Dimensions : 16 x 16 x 12 cm<\/p>\n<p>Les photos montrent la pierre brute sous tous les angles . !<\/p>","protected":false},"excerpt":{"rendered":"<p>Tr\u00e8s belle et grande PIERRE CHALCEDONE CHERT polychrome = multicolore - avec \u00e9corce naturelle =( typique pour les PIERREES FEUX) et ar\u00eates de cassure tranchantes Antsirabe - Madagascar PRIX SPECIAL ! Poids : 3,4 kilogrammes Dimensions : 16 x 16 x 12 cm Les photos montrent la pierre brute sous tous les angles . !<\/p>","protected":false},"featured_media":6411,"template":"","meta":{"_acf_changed":false},"region":[],"product_brand":[],"product_cat":[15],"product_tag":[],"class_list":{"0":"post-6410","1":"product","2":"type-product","3":"status-publish","4":"has-post-thumbnail","6":"product_cat-mineralien","8":"first","9":"outofstock","10":"sold-individually","11":"product-type-simple"},"acf":[],"_links":{"self":[{"href":"https:\/\/westgem.shop\/fr\/wp-json\/wp\/v2\/product\/6410","targetHints":{"allow":["GET"]}}],"collection":[{"href":"https:\/\/westgem.shop\/fr\/wp-json\/wp\/v2\/product"}],"about":[{"href":"https:\/\/westgem.shop\/fr\/wp-json\/wp\/v2\/types\/product"}],"wp:featuredmedia":[{"embeddable":true,"href":"https:\/\/westgem.shop\/fr\/wp-json\/wp\/v2\/media\/6411"}],"wp:attachment":[{"href":"https:\/\/westgem.shop\/fr\/wp-json\/wp\/v2\/media?parent=6410"}],"wp:term":[{"taxonomy":"region","embeddable":true,"href":"https:\/\/westgem.shop\/fr\/wp-json\/wp\/v2\/region?post=6410"},{"taxonomy":"product_brand","embeddable":true,"href":"https:\/\/westgem.shop\/fr\/wp-json\/wp\/v2\/product_brand?post=6410"},{"taxonomy":"product_cat","embeddable":true,"href":"https:\/\/westgem.shop\/fr\/wp-json\/wp\/v2\/product_cat?post=6410"},{"taxonomy":"product_tag","embeddable":true,"href":"https:\/\/westgem.shop\/fr\/wp-json\/wp\/v2\/product_tag?post=6410"}],"curies":[{"name":"wp","href":"https:\/\/api.w.org\/{rel}","templated":true}]}}