{"id":6416,"date":"2003-03-04T00:00:00","date_gmt":"2003-03-04T00:00:00","guid":{"rendered":"https:\/\/miners.rocks\/product\/feuerstein-madagaskar-2\/"},"modified":"2020-05-19T17:06:22","modified_gmt":"2020-05-19T17:06:22","slug":"silex-madagascar-2","status":"publish","type":"product","link":"https:\/\/westgem.shop\/fr\/produit\/silex-madagascar-2\/","title":{"rendered":"PIERRE DE FEU - Madagascar"},"content":{"rendered":"<p>Belle CHALCEDON - PIERRE DE FEU<\/p>\n<p>Pierre brute - Multicolore - Polychrome<\/p>\n<p>Quartz s\u00e9dimentaire - Engl. CHERT - avec \u00e9corce d'alt\u00e9ration naturelle et ar\u00eates de fracture tranchantes comme des couteaux<\/p>\n<p>Antsirabe - Madagascar<\/p>\n<p>Poids : 0,82 kilogramme Dimensions : 11 x 10 x 9 cm<\/p>","protected":false},"excerpt":{"rendered":"<p>Belle pierre brute CHALCEDON - PIERRE - Multicolore - Quartz s\u00e9dimentaire polychrome - Engl. CHERT - avec \u00e9corce d'alt\u00e9ration naturelle et ar\u00eates de cassure tranchantes Antsirabe - Madagascar Poids : 0,82 kilogramme Dimensions : 11 x 10 x 9 cm<\/p>","protected":false},"featured_media":6417,"template":"","meta":{"_acf_changed":false},"region":[],"product_brand":[],"product_cat":[15],"product_tag":[],"class_list":{"0":"post-6416","1":"product","2":"type-product","3":"status-publish","4":"has-post-thumbnail","6":"product_cat-mineralien","8":"first","9":"outofstock","10":"sold-individually","11":"product-type-simple"},"acf":[],"_links":{"self":[{"href":"https:\/\/westgem.shop\/fr\/wp-json\/wp\/v2\/product\/6416","targetHints":{"allow":["GET"]}}],"collection":[{"href":"https:\/\/westgem.shop\/fr\/wp-json\/wp\/v2\/product"}],"about":[{"href":"https:\/\/westgem.shop\/fr\/wp-json\/wp\/v2\/types\/product"}],"wp:featuredmedia":[{"embeddable":true,"href":"https:\/\/westgem.shop\/fr\/wp-json\/wp\/v2\/media\/6417"}],"wp:attachment":[{"href":"https:\/\/westgem.shop\/fr\/wp-json\/wp\/v2\/media?parent=6416"}],"wp:term":[{"taxonomy":"region","embeddable":true,"href":"https:\/\/westgem.shop\/fr\/wp-json\/wp\/v2\/region?post=6416"},{"taxonomy":"product_brand","embeddable":true,"href":"https:\/\/westgem.shop\/fr\/wp-json\/wp\/v2\/product_brand?post=6416"},{"taxonomy":"product_cat","embeddable":true,"href":"https:\/\/westgem.shop\/fr\/wp-json\/wp\/v2\/product_cat?post=6416"},{"taxonomy":"product_tag","embeddable":true,"href":"https:\/\/westgem.shop\/fr\/wp-json\/wp\/v2\/product_tag?post=6416"}],"curies":[{"name":"wp","href":"https:\/\/api.w.org\/{rel}","templated":true}]}}