{"id":6421,"date":"2003-03-05T00:00:00","date_gmt":"2003-03-05T00:00:00","guid":{"rendered":"https:\/\/miners.rocks\/product\/gelber-opal-rohstein\/"},"modified":"2020-05-19T17:06:23","modified_gmt":"2020-05-19T17:06:23","slug":"pierre-brute-opale-jaune","status":"publish","type":"product","link":"https:\/\/westgem.shop\/fr\/produit\/pierre-brute-opale-jaune\/","title":{"rendered":"OPAL jaune - pierre brute"},"content":{"rendered":"<p>Pierre brute OPAL jaune<\/p>\n<p>Vari\u00e9t\u00e9 : OPAL commun - Quartz amorphe<\/p>\n<p>La coloration de jaune \u00e0 rouge\u00e2tre est due aux IONS DE FER dans l'OPAL<\/p>\n<p>l'\u00e9clat naturel de la graisse est typique<\/p>\n<p>Ces pierres ont \u00e9t\u00e9 trouv\u00e9es \u00e0 PIERESKA, \u00e0 Madagascar.<\/p>\n<p>Poids : 1,05 kilogramme Dimensions : 13 x 9 x 9 cm<\/p>","protected":false},"excerpt":{"rendered":"<p>Pierre brute OPAL jaune Vari\u00e9t\u00e9 : OPAL commun - Quartz amorphe La coloration de jaune \u00e0 rouge\u00e2tre est bas\u00e9e sur les ions de fer dans l'OPAL, typiquement l'\u00e9clat naturel de la graisse Le lieu de d\u00e9couverte de ces pierres est PIERESKA \u00e0 Madagascar Poids : 1,05 kilogramme Dimensions : 13 x 9 x 9 cm<\/p>","protected":false},"featured_media":6422,"template":"","meta":{"_acf_changed":false},"region":[],"product_brand":[],"product_cat":[15],"product_tag":[],"class_list":{"0":"post-6421","1":"product","2":"type-product","3":"status-publish","4":"has-post-thumbnail","6":"product_cat-mineralien","8":"first","9":"outofstock","10":"sold-individually","11":"product-type-simple"},"acf":[],"_links":{"self":[{"href":"https:\/\/westgem.shop\/fr\/wp-json\/wp\/v2\/product\/6421","targetHints":{"allow":["GET"]}}],"collection":[{"href":"https:\/\/westgem.shop\/fr\/wp-json\/wp\/v2\/product"}],"about":[{"href":"https:\/\/westgem.shop\/fr\/wp-json\/wp\/v2\/types\/product"}],"wp:featuredmedia":[{"embeddable":true,"href":"https:\/\/westgem.shop\/fr\/wp-json\/wp\/v2\/media\/6422"}],"wp:attachment":[{"href":"https:\/\/westgem.shop\/fr\/wp-json\/wp\/v2\/media?parent=6421"}],"wp:term":[{"taxonomy":"region","embeddable":true,"href":"https:\/\/westgem.shop\/fr\/wp-json\/wp\/v2\/region?post=6421"},{"taxonomy":"product_brand","embeddable":true,"href":"https:\/\/westgem.shop\/fr\/wp-json\/wp\/v2\/product_brand?post=6421"},{"taxonomy":"product_cat","embeddable":true,"href":"https:\/\/westgem.shop\/fr\/wp-json\/wp\/v2\/product_cat?post=6421"},{"taxonomy":"product_tag","embeddable":true,"href":"https:\/\/westgem.shop\/fr\/wp-json\/wp\/v2\/product_tag?post=6421"}],"curies":[{"name":"wp","href":"https:\/\/api.w.org\/{rel}","templated":true}]}}