{"id":6427,"date":"2003-03-06T00:00:00","date_gmt":"2003-03-06T00:00:00","guid":{"rendered":"https:\/\/miners.rocks\/product\/sphaleritxx-pyritxxquarzxx\/"},"modified":"2020-05-19T17:06:24","modified_gmt":"2020-05-19T17:06:24","slug":"sphaleritexx-pyritexx-quartzxx","status":"publish","type":"product","link":"https:\/\/westgem.shop\/fr\/produit\/sphaleritexx-pyritexx-quartzxx\/","title":{"rendered":"SPHALERITxx PYRITxxQUARZxx"},"content":{"rendered":"<p>Minerai - niveau cristallin<\/p>\n<p>SPHALERIT xx = BULLE D'\u00c9TIN<\/p>\n<p>QUARZ xx Var. cristal de roche<\/p>\n<p>PYRIT xx - GALENIT xx CHALCOPYRIT xx<\/p>\n<p>De la mine HUANZALA - exploitation mini\u00e8re \u00e0 plus de 4 000 m<\/p>\n<p>ANDES - P\u00c9ROU - Am\u00e9rique du Sud<\/p>\n<p>Poids : 400 g Dimensions : 10 x 9 x 4 cm<\/p>","protected":false},"excerpt":{"rendered":"<p>Minerai - stade de cristal SPHALERITE xx = QUARTZ DE FLEUR D'ETIN xx Var. cristal de roche PYRITE xx - GALENITE xx CHALCOPYRITE xx De la mine HUANZALA - exploitation mini\u00e8re \u00e0 plus de 4.000 m ANDES - PERU - Am\u00e9rique du Sud Poids : 400 g Dimensions : 10 x 9 x 4 cm<\/p>","protected":false},"featured_media":6428,"template":"","meta":{"_acf_changed":false},"region":[],"product_brand":[],"product_cat":[15],"product_tag":[],"class_list":{"0":"post-6427","1":"product","2":"type-product","3":"status-publish","4":"has-post-thumbnail","6":"product_cat-mineralien","8":"first","9":"outofstock","10":"sold-individually","11":"product-type-simple"},"acf":[],"_links":{"self":[{"href":"https:\/\/westgem.shop\/fr\/wp-json\/wp\/v2\/product\/6427","targetHints":{"allow":["GET"]}}],"collection":[{"href":"https:\/\/westgem.shop\/fr\/wp-json\/wp\/v2\/product"}],"about":[{"href":"https:\/\/westgem.shop\/fr\/wp-json\/wp\/v2\/types\/product"}],"wp:featuredmedia":[{"embeddable":true,"href":"https:\/\/westgem.shop\/fr\/wp-json\/wp\/v2\/media\/6428"}],"wp:attachment":[{"href":"https:\/\/westgem.shop\/fr\/wp-json\/wp\/v2\/media?parent=6427"}],"wp:term":[{"taxonomy":"region","embeddable":true,"href":"https:\/\/westgem.shop\/fr\/wp-json\/wp\/v2\/region?post=6427"},{"taxonomy":"product_brand","embeddable":true,"href":"https:\/\/westgem.shop\/fr\/wp-json\/wp\/v2\/product_brand?post=6427"},{"taxonomy":"product_cat","embeddable":true,"href":"https:\/\/westgem.shop\/fr\/wp-json\/wp\/v2\/product_cat?post=6427"},{"taxonomy":"product_tag","embeddable":true,"href":"https:\/\/westgem.shop\/fr\/wp-json\/wp\/v2\/product_tag?post=6427"}],"curies":[{"name":"wp","href":"https:\/\/api.w.org\/{rel}","templated":true}]}}