{"id":6439,"date":"2003-03-09T00:00:00","date_gmt":"2003-03-09T00:00:00","guid":{"rendered":"https:\/\/miners.rocks\/product\/original-saurierzahn-3\/"},"modified":"2021-09-05T15:36:24","modified_gmt":"2021-09-05T15:36:24","slug":"original-dent-de-saurien-3","status":"publish","type":"product","link":"https:\/\/westgem.shop\/fr\/produit\/original-dent-de-saurien-3\/","title":{"rendered":"SAURIERZAHN original"},"content":{"rendered":"<p>Beau SAURIERZAHN - ORIGINAL FOSSIL<\/p>\n<p>environ 90 millions d'ann\u00e9es dans la matrice originale avec des restes FOSSIL <\/p>\n<p>Le site \u00e9tait le plateau de phosphate dans la SAHARA occidentale.<\/p>\n<p>AFRIQUE DU NORD<\/p>\n<p>Poids : 350 g Dimensions : 10 x 7 x 7 cm La dent est longue de 4 cm<\/p>","protected":false},"excerpt":{"rendered":"<p>Magnifique dent de SAURIER - FOSSIL ORIGINAL env. 90 millions d'ann\u00e9es dans la matrice originale avec des restes de FOSSIL Lieu de d\u00e9couverte \u00e9tait le plateau de phosphate dans le SAHARA OCCIDENTAL AFRIQUE DU NORD Poids : 350 g Dimensions : 10 x 7 x 7 cm La dent est longue de 4 cm<\/p>","protected":false},"featured_media":6440,"template":"","meta":{"_acf_changed":false},"region":[],"product_brand":[],"product_cat":[17],"product_tag":[],"class_list":{"0":"post-6439","1":"product","2":"type-product","3":"status-publish","4":"has-post-thumbnail","6":"product_cat-fosilien","8":"first","9":"outofstock","10":"sold-individually","11":"product-type-simple"},"acf":[],"_links":{"self":[{"href":"https:\/\/westgem.shop\/fr\/wp-json\/wp\/v2\/product\/6439","targetHints":{"allow":["GET"]}}],"collection":[{"href":"https:\/\/westgem.shop\/fr\/wp-json\/wp\/v2\/product"}],"about":[{"href":"https:\/\/westgem.shop\/fr\/wp-json\/wp\/v2\/types\/product"}],"wp:featuredmedia":[{"embeddable":true,"href":"https:\/\/westgem.shop\/fr\/wp-json\/wp\/v2\/media\/6440"}],"wp:attachment":[{"href":"https:\/\/westgem.shop\/fr\/wp-json\/wp\/v2\/media?parent=6439"}],"wp:term":[{"taxonomy":"region","embeddable":true,"href":"https:\/\/westgem.shop\/fr\/wp-json\/wp\/v2\/region?post=6439"},{"taxonomy":"product_brand","embeddable":true,"href":"https:\/\/westgem.shop\/fr\/wp-json\/wp\/v2\/product_brand?post=6439"},{"taxonomy":"product_cat","embeddable":true,"href":"https:\/\/westgem.shop\/fr\/wp-json\/wp\/v2\/product_cat?post=6439"},{"taxonomy":"product_tag","embeddable":true,"href":"https:\/\/westgem.shop\/fr\/wp-json\/wp\/v2\/product_tag?post=6439"}],"curies":[{"name":"wp","href":"https:\/\/api.w.org\/{rel}","templated":true}]}}