{"id":6442,"date":"2003-03-10T00:00:00","date_gmt":"2003-03-10T00:00:00","guid":{"rendered":"https:\/\/miners.rocks\/product\/saurierzahn-original-2\/"},"modified":"2021-09-05T15:36:24","modified_gmt":"2021-09-05T15:36:24","slug":"dent-de-saurien-original-2","status":"publish","type":"product","link":"https:\/\/westgem.shop\/fr\/produit\/dent-de-saurien-original-2\/","title":{"rendered":"DENT DE SAURIEN - ORIGINAL !"},"content":{"rendered":"<p>Avec la matrice ORIGINAL = roche phosphat\u00e9e avec d'autres fragments FOSSIL<\/p>\n<p>Dent originale d'un MOSA SAURUS (non coll\u00e9e)<\/p>\n<p>environ 90 millions d'ann\u00e9es du lieu de d\u00e9couverte original :<\/p>\n<p>PLATEAU DE PHOSPHATE - SAHARA OCCIDENTAL<\/p>\n<p>AFRIQUE DU NORD<\/p>\n<p>Poids : 190 g Dimensions : 9 x 6 x 5 cm La dent est longue de 4,3 cm<\/p>","protected":false},"excerpt":{"rendered":"<p>Avec la matrice ORIGINALE = roche phosphat\u00e9e avec d'autres fragments FOSSILE Dent originale rapport\u00e9e (PAS coll\u00e9e !) d'un MOSA SAURUS d'environ 90 millions d'ann\u00e9es du lieu de d\u00e9couverte original : PHOSPHAT PLATEAU - SAHARA OCCIDENTAL AFRIQUE DU NORD Poids : 190 g Dimensions : 9 x 6 x 5 cm La dent est longue de 4,3 cm<\/p>","protected":false},"featured_media":6443,"template":"","meta":{"_acf_changed":false},"region":[],"product_brand":[],"product_cat":[17],"product_tag":[],"class_list":{"0":"post-6442","1":"product","2":"type-product","3":"status-publish","4":"has-post-thumbnail","6":"product_cat-fosilien","8":"first","9":"outofstock","10":"sold-individually","11":"product-type-simple"},"acf":[],"_links":{"self":[{"href":"https:\/\/westgem.shop\/fr\/wp-json\/wp\/v2\/product\/6442","targetHints":{"allow":["GET"]}}],"collection":[{"href":"https:\/\/westgem.shop\/fr\/wp-json\/wp\/v2\/product"}],"about":[{"href":"https:\/\/westgem.shop\/fr\/wp-json\/wp\/v2\/types\/product"}],"wp:featuredmedia":[{"embeddable":true,"href":"https:\/\/westgem.shop\/fr\/wp-json\/wp\/v2\/media\/6443"}],"wp:attachment":[{"href":"https:\/\/westgem.shop\/fr\/wp-json\/wp\/v2\/media?parent=6442"}],"wp:term":[{"taxonomy":"region","embeddable":true,"href":"https:\/\/westgem.shop\/fr\/wp-json\/wp\/v2\/region?post=6442"},{"taxonomy":"product_brand","embeddable":true,"href":"https:\/\/westgem.shop\/fr\/wp-json\/wp\/v2\/product_brand?post=6442"},{"taxonomy":"product_cat","embeddable":true,"href":"https:\/\/westgem.shop\/fr\/wp-json\/wp\/v2\/product_cat?post=6442"},{"taxonomy":"product_tag","embeddable":true,"href":"https:\/\/westgem.shop\/fr\/wp-json\/wp\/v2\/product_tag?post=6442"}],"curies":[{"name":"wp","href":"https:\/\/api.w.org\/{rel}","templated":true}]}}