{"id":6458,"date":"2003-03-15T00:00:00","date_gmt":"2003-03-15T00:00:00","guid":{"rendered":"https:\/\/miners.rocks\/product\/achatjaspis-roh\/"},"modified":"2021-09-05T15:36:36","modified_gmt":"2021-09-05T15:36:36","slug":"jaspe-dagate-brut","status":"publish","type":"product","link":"https:\/\/westgem.shop\/fr\/produit\/jaspe-dagate-brut\/","title":{"rendered":"JASPIS D'AGATE - BRUT"},"content":{"rendered":"<p>ACHATJASPIS ou JASPACHAT ou chez les \u00e9sot\u00e9ristes - HILDEGARDJASPIS<\/p>\n<p>Jaspe multicolore avec couleurs rouge-jaune et vert et ACHAT blanc<\/p>\n<p>belle pierre brute, taill\u00e9e d'un c\u00f4t\u00e9 - PAS polie.<\/p>\n<p>Oasis du Tidikelt - SAHARA - Afrique du Nord<\/p>\n<p>Poids : 320 g Dimensions : 8 x 7 x 5 cm  <\/p>","protected":false},"excerpt":{"rendered":"<p>ACHATJASPIS ou JASPACHAT ou chez les \u00e9sot\u00e9ristes - HILDEGARDJASPIS Jaspe multicolore avec des couleurs rouge-jaune et vert et ACHAT blanc belle pierre brute, taill\u00e9e sur une face - PAS polie. Oasis Tidikelt - SAHARA - Afrique du Nord Poids : 320 g Dimensions : 8 x 7 x 5 cm<\/p>","protected":false},"featured_media":6459,"template":"","meta":{"_acf_changed":false},"region":[],"product_brand":[],"product_cat":[18],"product_tag":[],"class_list":{"0":"post-6458","1":"product","2":"type-product","3":"status-publish","4":"has-post-thumbnail","6":"product_cat-geschliffene-einzelstucke","8":"first","9":"outofstock","10":"sold-individually","11":"product-type-simple"},"acf":[],"_links":{"self":[{"href":"https:\/\/westgem.shop\/fr\/wp-json\/wp\/v2\/product\/6458","targetHints":{"allow":["GET"]}}],"collection":[{"href":"https:\/\/westgem.shop\/fr\/wp-json\/wp\/v2\/product"}],"about":[{"href":"https:\/\/westgem.shop\/fr\/wp-json\/wp\/v2\/types\/product"}],"wp:featuredmedia":[{"embeddable":true,"href":"https:\/\/westgem.shop\/fr\/wp-json\/wp\/v2\/media\/6459"}],"wp:attachment":[{"href":"https:\/\/westgem.shop\/fr\/wp-json\/wp\/v2\/media?parent=6458"}],"wp:term":[{"taxonomy":"region","embeddable":true,"href":"https:\/\/westgem.shop\/fr\/wp-json\/wp\/v2\/region?post=6458"},{"taxonomy":"product_brand","embeddable":true,"href":"https:\/\/westgem.shop\/fr\/wp-json\/wp\/v2\/product_brand?post=6458"},{"taxonomy":"product_cat","embeddable":true,"href":"https:\/\/westgem.shop\/fr\/wp-json\/wp\/v2\/product_cat?post=6458"},{"taxonomy":"product_tag","embeddable":true,"href":"https:\/\/westgem.shop\/fr\/wp-json\/wp\/v2\/product_tag?post=6458"}],"curies":[{"name":"wp","href":"https:\/\/api.w.org\/{rel}","templated":true}]}}