{"id":646,"date":"2000-03-30T00:00:00","date_gmt":"2000-03-30T00:00:00","guid":{"rendered":"https:\/\/miners.rocks\/product\/142\/"},"modified":"2020-05-19T16:55:52","modified_gmt":"2020-05-19T16:55:52","slug":"grand-boulder-opal-poli","status":"publish","type":"product","link":"https:\/\/westgem.shop\/fr\/produit\/grand-boulder-opal-poli\/","title":{"rendered":"Grand bloc OPAL - poli"},"content":{"rendered":"<p>Tr\u00e8s grande opale de boulder, d'un poids de 1,6 kilogramme, tr\u00e8s attractive et d\u00e9corative.<\/p>\n<p>Les couches d'opale sont polies sur 2 c\u00f4t\u00e9s, le dos est brut, naturel .<\/p>\n<p>Dimensions : 13 x 12 x 8 cm<\/p>","protected":false},"excerpt":{"rendered":"<p>Tr\u00e8s grande opale de Boulder, d'un poids de 1,6 kilogramme, tr\u00e8s attractive et d\u00e9corative. Les couches d'opale sont polies sur 2 c\u00f4t\u00e9s, le dos est brut, naturel . Dimensions : 13 x 12 x 8 cm<\/p>","protected":false},"featured_media":647,"template":"","meta":{"_acf_changed":false},"region":[],"product_brand":[],"product_cat":[15],"product_tag":[],"class_list":{"0":"post-646","1":"product","2":"type-product","3":"status-publish","4":"has-post-thumbnail","6":"product_cat-mineralien","8":"first","9":"outofstock","10":"sold-individually","11":"product-type-simple"},"acf":[],"_links":{"self":[{"href":"https:\/\/westgem.shop\/fr\/wp-json\/wp\/v2\/product\/646","targetHints":{"allow":["GET"]}}],"collection":[{"href":"https:\/\/westgem.shop\/fr\/wp-json\/wp\/v2\/product"}],"about":[{"href":"https:\/\/westgem.shop\/fr\/wp-json\/wp\/v2\/types\/product"}],"wp:featuredmedia":[{"embeddable":true,"href":"https:\/\/westgem.shop\/fr\/wp-json\/wp\/v2\/media\/647"}],"wp:attachment":[{"href":"https:\/\/westgem.shop\/fr\/wp-json\/wp\/v2\/media?parent=646"}],"wp:term":[{"taxonomy":"region","embeddable":true,"href":"https:\/\/westgem.shop\/fr\/wp-json\/wp\/v2\/region?post=646"},{"taxonomy":"product_brand","embeddable":true,"href":"https:\/\/westgem.shop\/fr\/wp-json\/wp\/v2\/product_brand?post=646"},{"taxonomy":"product_cat","embeddable":true,"href":"https:\/\/westgem.shop\/fr\/wp-json\/wp\/v2\/product_cat?post=646"},{"taxonomy":"product_tag","embeddable":true,"href":"https:\/\/westgem.shop\/fr\/wp-json\/wp\/v2\/product_tag?post=646"}],"curies":[{"name":"wp","href":"https:\/\/api.w.org\/{rel}","templated":true}]}}