{"id":6463,"date":"2003-03-16T00:00:00","date_gmt":"2003-03-16T00:00:00","guid":{"rendered":"https:\/\/miners.rocks\/product\/antimonit-xx-2\/"},"modified":"2021-09-05T15:36:43","modified_gmt":"2021-09-05T15:36:43","slug":"antimonite-xx-2","status":"publish","type":"product","link":"https:\/\/westgem.shop\/fr\/produit\/antimonite-xx-2\/","title":{"rendered":"ANTIMONITE xx"},"content":{"rendered":"<p><u>ANTIMONITE xx<\/u><\/p>\n<p>Cristaux ANTIMONITE brillants sur ZONE ANTIMONITE<\/p>\n<p>D'autres noms pour l'ANTIMONITE sont GRAUSPIESERZ - ANTIMONGLANZ ou STIBNIT<\/p>\n<p>se forme sur des galeries hydrothermales<\/p>\n<p>De l'ancienne mine ANTIMON \u00e0 SCHLEINING<\/p>\n<p>Oberwart - BURGENLAND<\/p>\n<p>on ne voit plus gu\u00e8re de pi\u00e8ces de l\u00e0-bas nulle part.<\/p>\n<p>Poids : 492 g Dimensions : 11 x 6 x 5 cm<\/p>","protected":false},"excerpt":{"rendered":"<p>ANTIMONITE xx Cristaux d'ANTIMONITE tr\u00e8s brillants sur ANTIMONITERZ D'autres noms pour l'ANTIMONITE sont GRAUSPIESERZ - ANTIMONGLANZ ou STIBNIT se forme sur des galeries hydrothermales. De l'ancienne mine d'ANTIMON \u00e0 SCHLEINING Oberwart - BURGENLAND on ne voit plus gu\u00e8re de pi\u00e8ces de cette mine. Poids : 492 g Dimensions : 11 x 6 x 5 cm<\/p>","protected":false},"featured_media":6464,"template":"","meta":{"_acf_changed":false},"region":[],"product_brand":[],"product_cat":[16],"product_tag":[],"class_list":{"0":"post-6463","1":"product","2":"type-product","3":"status-publish","4":"has-post-thumbnail","6":"product_cat-rohsteine","8":"first","9":"outofstock","10":"sold-individually","11":"product-type-simple"},"acf":[],"_links":{"self":[{"href":"https:\/\/westgem.shop\/fr\/wp-json\/wp\/v2\/product\/6463","targetHints":{"allow":["GET"]}}],"collection":[{"href":"https:\/\/westgem.shop\/fr\/wp-json\/wp\/v2\/product"}],"about":[{"href":"https:\/\/westgem.shop\/fr\/wp-json\/wp\/v2\/types\/product"}],"wp:featuredmedia":[{"embeddable":true,"href":"https:\/\/westgem.shop\/fr\/wp-json\/wp\/v2\/media\/6464"}],"wp:attachment":[{"href":"https:\/\/westgem.shop\/fr\/wp-json\/wp\/v2\/media?parent=6463"}],"wp:term":[{"taxonomy":"region","embeddable":true,"href":"https:\/\/westgem.shop\/fr\/wp-json\/wp\/v2\/region?post=6463"},{"taxonomy":"product_brand","embeddable":true,"href":"https:\/\/westgem.shop\/fr\/wp-json\/wp\/v2\/product_brand?post=6463"},{"taxonomy":"product_cat","embeddable":true,"href":"https:\/\/westgem.shop\/fr\/wp-json\/wp\/v2\/product_cat?post=6463"},{"taxonomy":"product_tag","embeddable":true,"href":"https:\/\/westgem.shop\/fr\/wp-json\/wp\/v2\/product_tag?post=6463"}],"curies":[{"name":"wp","href":"https:\/\/api.w.org\/{rel}","templated":true}]}}