{"id":6473,"date":"2003-03-18T00:00:00","date_gmt":"2003-03-18T00:00:00","guid":{"rendered":"https:\/\/miners.rocks\/product\/top-pyritxx-stufe\/"},"modified":"2021-09-05T15:36:44","modified_gmt":"2021-09-05T15:36:44","slug":"niveau-top-pyritxx","status":"publish","type":"product","link":"https:\/\/westgem.shop\/fr\/produit\/niveau-top-pyritxx\/","title":{"rendered":"TOP PYRITxx niveau"},"content":{"rendered":"<p>\n\t<u>SUPERSTUFE des Indes<\/u><\/p>\n<p>\n\tCristaux de PYRIT de premi\u00e8re qualit\u00e9, de couleur dor\u00e9e, tr\u00e8s brillants avec de belles surfaces terminales sur de la PYRIT massive.<\/p>\n<p>\n\tAu dos, il y a une faille de cristal, \u00e9galement avec des xx brillants.<\/p>\n<p>\n\tCe niveau provient des c\u00e9l\u00e8bres d\u00e9couvertes faites \u00e0 ANCASH dans les HAUTES CHANDES - PERU, en 1973 et 74.<\/p>\n<p>\n\tInutile de pr\u00e9ciser que de tels niveaux, \u00e0 de tels prix, ne sont quasiment plus disponibles sur le march\u00e9 aujourd'hui.<\/p>\n<p>\n\t<u>poids : 2,8 kilogrammes<\/u>    Dimensions : 15 x 13 x 12 cm <\/p>\n<p>\n\tle grand cristal est de 3,5 c<\/p><\/p>","protected":false},"excerpt":{"rendered":"<p>SUPERSTUDE des Indes Cristaux de PYRITE de premi\u00e8re qualit\u00e9, de couleur dor\u00e9e, tr\u00e8s brillants avec de belles surfaces terminales sur de la PYRITE massive. Au dos, une faille de cristal, \u00e9galement avec des xx brillants. Ce niveau provient des c\u00e9l\u00e8bres d\u00e9couvertes d'ANCASH dans les HAUTES CHANDES - P\u00c9ROU, des ann\u00e9es 1973 et 74. Inutile de pr\u00e9ciser que de tels niveaux, \u00e0 de tels prix, [...].<\/p>","protected":false},"featured_media":6474,"template":"","meta":{"_acf_changed":false},"region":[],"product_brand":[],"product_cat":[19],"product_tag":[],"class_list":{"0":"post-6473","1":"product","2":"type-product","3":"status-publish","4":"has-post-thumbnail","6":"product_cat-kristallstufen","8":"first","9":"outofstock","10":"sold-individually","11":"product-type-simple"},"acf":[],"_links":{"self":[{"href":"https:\/\/westgem.shop\/fr\/wp-json\/wp\/v2\/product\/6473","targetHints":{"allow":["GET"]}}],"collection":[{"href":"https:\/\/westgem.shop\/fr\/wp-json\/wp\/v2\/product"}],"about":[{"href":"https:\/\/westgem.shop\/fr\/wp-json\/wp\/v2\/types\/product"}],"wp:featuredmedia":[{"embeddable":true,"href":"https:\/\/westgem.shop\/fr\/wp-json\/wp\/v2\/media\/6474"}],"wp:attachment":[{"href":"https:\/\/westgem.shop\/fr\/wp-json\/wp\/v2\/media?parent=6473"}],"wp:term":[{"taxonomy":"region","embeddable":true,"href":"https:\/\/westgem.shop\/fr\/wp-json\/wp\/v2\/region?post=6473"},{"taxonomy":"product_brand","embeddable":true,"href":"https:\/\/westgem.shop\/fr\/wp-json\/wp\/v2\/product_brand?post=6473"},{"taxonomy":"product_cat","embeddable":true,"href":"https:\/\/westgem.shop\/fr\/wp-json\/wp\/v2\/product_cat?post=6473"},{"taxonomy":"product_tag","embeddable":true,"href":"https:\/\/westgem.shop\/fr\/wp-json\/wp\/v2\/product_tag?post=6473"}],"curies":[{"name":"wp","href":"https:\/\/api.w.org\/{rel}","templated":true}]}}