{"id":6478,"date":"2003-03-19T00:00:00","date_gmt":"2003-03-19T00:00:00","guid":{"rendered":"https:\/\/miners.rocks\/product\/magnetit-xx-bolivien-7\/"},"modified":"2021-09-05T15:36:45","modified_gmt":"2021-09-05T15:36:45","slug":"magnetite-xx-bolivie-7","status":"publish","type":"product","link":"https:\/\/westgem.shop\/fr\/produit\/magnetite-xx-bolivie-7\/","title":{"rendered":"Magn\u00e9tite xx - BOLIVIE"},"content":{"rendered":"<p>\n\t<u>magn\u00e9tite xx<\/u><\/p>\n<p>\n\tDe beaux cristaux de magn\u00e9tite avec des faces terminales sur la roche m\u00e8re.<\/p>\n<p>\n\tLa magn\u00e9tite est le min\u00e9ral de FER de la plus haute qualit\u00e9 dont la formule chimique est : Fe3O4.<\/p>\n<p>\n\tlocalisation de la trouvaille : POTOSI - BOLIVIE<\/p>\n<p>\n\tAM\u00c9RIQUE DU SUD<\/p>\n<p>\n\tPoids : 800 g Dimensions : 11 x 9 x 7 cm<\/p>","protected":false},"excerpt":{"rendered":"<p>Magn\u00e9tite xx Beaux cristaux de magn\u00e9tite avec des faces terminales sur la roche m\u00e8re. La magn\u00e9tite est le min\u00e9ral de FER de la plus haute qualit\u00e9 avec la formule chimique : Fe3O4. Lieu de d\u00e9couverte : POTOSI - BOLIVIE AMERIQUE DU SUD Poids : 800 g Dimensions : 11 x 9 x 7 cm<\/p>","protected":false},"featured_media":6479,"template":"","meta":{"_acf_changed":false},"region":[],"product_brand":[],"product_cat":[19],"product_tag":[],"class_list":{"0":"post-6478","1":"product","2":"type-product","3":"status-publish","4":"has-post-thumbnail","6":"product_cat-kristallstufen","8":"first","9":"outofstock","10":"sold-individually","11":"product-type-simple"},"acf":[],"_links":{"self":[{"href":"https:\/\/westgem.shop\/fr\/wp-json\/wp\/v2\/product\/6478","targetHints":{"allow":["GET"]}}],"collection":[{"href":"https:\/\/westgem.shop\/fr\/wp-json\/wp\/v2\/product"}],"about":[{"href":"https:\/\/westgem.shop\/fr\/wp-json\/wp\/v2\/types\/product"}],"wp:featuredmedia":[{"embeddable":true,"href":"https:\/\/westgem.shop\/fr\/wp-json\/wp\/v2\/media\/6479"}],"wp:attachment":[{"href":"https:\/\/westgem.shop\/fr\/wp-json\/wp\/v2\/media?parent=6478"}],"wp:term":[{"taxonomy":"region","embeddable":true,"href":"https:\/\/westgem.shop\/fr\/wp-json\/wp\/v2\/region?post=6478"},{"taxonomy":"product_brand","embeddable":true,"href":"https:\/\/westgem.shop\/fr\/wp-json\/wp\/v2\/product_brand?post=6478"},{"taxonomy":"product_cat","embeddable":true,"href":"https:\/\/westgem.shop\/fr\/wp-json\/wp\/v2\/product_cat?post=6478"},{"taxonomy":"product_tag","embeddable":true,"href":"https:\/\/westgem.shop\/fr\/wp-json\/wp\/v2\/product_tag?post=6478"}],"curies":[{"name":"wp","href":"https:\/\/api.w.org\/{rel}","templated":true}]}}