{"id":6482,"date":"2003-03-20T00:00:00","date_gmt":"2003-03-20T00:00:00","guid":{"rendered":"https:\/\/miners.rocks\/product\/bergkristall-xx-usa\/"},"modified":"2021-09-05T15:36:58","modified_gmt":"2021-09-05T15:36:58","slug":"cristal-de-roche-xx-usa","status":"publish","type":"product","link":"https:\/\/westgem.shop\/fr\/produit\/cristal-de-roche-xx-usa\/","title":{"rendered":"CRISTAL DE MONTAGNE xx \u00c9tats-Unis"},"content":{"rendered":"<p>De l'un des sites de cristaux de quartz les plus c\u00e9l\u00e8bres du monde :<\/p>\n<p>Mont IDA - Hot Springs - ARKANSAS - USA<\/p>\n<p>CRISTALE DE MONTAGNE claire comme de l'eau avec des surfaces terminales intactes sur une matrice de quartz dure<\/p>\n<p>MINE COLEMAN<\/p>\n<p>Poids : 220 g Dimensions : 8 x 7 x 6 cm<\/p>","protected":false},"excerpt":{"rendered":"<p>En provenance d'un des sites de cristaux de quartz les plus c\u00e9l\u00e8bres au monde : Mount IDA - Hot Springs - ARKANSAS - USA CRISTAL DE MONTAGNE clair comme de l'eau avec des faces terminales intactes sur une matrice de quartz dure MINE COLEMAN Poids : 220 g Dimensions : 8 x 7 x 6 cm<\/p>","protected":false},"featured_media":6483,"template":"","meta":{"_acf_changed":false},"region":[],"product_brand":[],"product_cat":[19],"product_tag":[],"class_list":{"0":"post-6482","1":"product","2":"type-product","3":"status-publish","4":"has-post-thumbnail","6":"product_cat-kristallstufen","8":"first","9":"outofstock","10":"sold-individually","11":"product-type-simple"},"acf":[],"_links":{"self":[{"href":"https:\/\/westgem.shop\/fr\/wp-json\/wp\/v2\/product\/6482","targetHints":{"allow":["GET"]}}],"collection":[{"href":"https:\/\/westgem.shop\/fr\/wp-json\/wp\/v2\/product"}],"about":[{"href":"https:\/\/westgem.shop\/fr\/wp-json\/wp\/v2\/types\/product"}],"wp:featuredmedia":[{"embeddable":true,"href":"https:\/\/westgem.shop\/fr\/wp-json\/wp\/v2\/media\/6483"}],"wp:attachment":[{"href":"https:\/\/westgem.shop\/fr\/wp-json\/wp\/v2\/media?parent=6482"}],"wp:term":[{"taxonomy":"region","embeddable":true,"href":"https:\/\/westgem.shop\/fr\/wp-json\/wp\/v2\/region?post=6482"},{"taxonomy":"product_brand","embeddable":true,"href":"https:\/\/westgem.shop\/fr\/wp-json\/wp\/v2\/product_brand?post=6482"},{"taxonomy":"product_cat","embeddable":true,"href":"https:\/\/westgem.shop\/fr\/wp-json\/wp\/v2\/product_cat?post=6482"},{"taxonomy":"product_tag","embeddable":true,"href":"https:\/\/westgem.shop\/fr\/wp-json\/wp\/v2\/product_tag?post=6482"}],"curies":[{"name":"wp","href":"https:\/\/api.w.org\/{rel}","templated":true}]}}