{"id":6487,"date":"2003-03-21T00:00:00","date_gmt":"2003-03-21T00:00:00","guid":{"rendered":"https:\/\/miners.rocks\/product\/pyrit-xx-nevada\/"},"modified":"2021-09-05T15:36:58","modified_gmt":"2021-09-05T15:36:58","slug":"pyrite-xx-nevada","status":"publish","type":"product","link":"https:\/\/westgem.shop\/fr\/produit\/pyrite-xx-nevada\/","title":{"rendered":"PYRIT xx - NEVADA"},"content":{"rendered":"<p>De la plus grande MINE d'OR des \u00c9tats-Unis \u00e0 NEVADA.<\/p>\n<p>Petits cristaux de PYRIT d'or brillant, r\u00e9partis par milliers sur la marche - \u00e0 la lumi\u00e8re du soleil, toute la pierre scintille (la photographie ne permet malheureusement pas de rendre compte de la r\u00e9alit\u00e9) - avec parfois des couleurs de ternissement.<\/p>\n<p>GOLDSTRIKE MINE<\/p>\n<p>L'acc\u00e8s \u00e0 cette tr\u00e8s grande mine \u00e0 ciel ouvert est interdit aux collectionneurs de min\u00e9raux depuis quelques ann\u00e9es, suite \u00e0 plusieurs accidents.<\/p>\n<p>Poids : 700 g Dimensions : 13 x 10 x 5 cm<\/p>","protected":false},"excerpt":{"rendered":"<p>De la plus grande MINE d'OR des USA \u00e0 NEVADA. Petits cristaux de PYRITE brillants comme de l'or, r\u00e9partis par milliers sur la marche - \u00e0 la lumi\u00e8re du soleil, toute la pierre scintille (la photographie ne permet malheureusement pas de rendre compte de la r\u00e9alit\u00e9) - en partie avec des couleurs de ternissement. MINE DE GOLDSTRIKE L'acc\u00e8s \u00e0 cette tr\u00e8s grande mine \u00e0 ciel ouvert est interdit aux collectionneurs de min\u00e9raux depuis quelques ann\u00e9es, suite \u00e0 plusieurs accidents [...].<\/p>","protected":false},"featured_media":6488,"template":"","meta":{"_acf_changed":false},"region":[],"product_brand":[],"product_cat":[19],"product_tag":[],"class_list":{"0":"post-6487","1":"product","2":"type-product","3":"status-publish","4":"has-post-thumbnail","6":"product_cat-kristallstufen","8":"first","9":"outofstock","10":"sold-individually","11":"product-type-simple"},"acf":[],"_links":{"self":[{"href":"https:\/\/westgem.shop\/fr\/wp-json\/wp\/v2\/product\/6487","targetHints":{"allow":["GET"]}}],"collection":[{"href":"https:\/\/westgem.shop\/fr\/wp-json\/wp\/v2\/product"}],"about":[{"href":"https:\/\/westgem.shop\/fr\/wp-json\/wp\/v2\/types\/product"}],"wp:featuredmedia":[{"embeddable":true,"href":"https:\/\/westgem.shop\/fr\/wp-json\/wp\/v2\/media\/6488"}],"wp:attachment":[{"href":"https:\/\/westgem.shop\/fr\/wp-json\/wp\/v2\/media?parent=6487"}],"wp:term":[{"taxonomy":"region","embeddable":true,"href":"https:\/\/westgem.shop\/fr\/wp-json\/wp\/v2\/region?post=6487"},{"taxonomy":"product_brand","embeddable":true,"href":"https:\/\/westgem.shop\/fr\/wp-json\/wp\/v2\/product_brand?post=6487"},{"taxonomy":"product_cat","embeddable":true,"href":"https:\/\/westgem.shop\/fr\/wp-json\/wp\/v2\/product_cat?post=6487"},{"taxonomy":"product_tag","embeddable":true,"href":"https:\/\/westgem.shop\/fr\/wp-json\/wp\/v2\/product_tag?post=6487"}],"curies":[{"name":"wp","href":"https:\/\/api.w.org\/{rel}","templated":true}]}}