{"id":6492,"date":"2003-03-22T00:00:00","date_gmt":"2003-03-22T00:00:00","guid":{"rendered":"https:\/\/miners.rocks\/product\/unakit-suedafrika\/"},"modified":"2021-09-05T15:36:58","modified_gmt":"2021-09-05T15:36:58","slug":"unakit-afrique-du-sud","status":"publish","type":"product","link":"https:\/\/westgem.shop\/fr\/produit\/unakit-afrique-du-sud\/","title":{"rendered":"UNAKIT - AFRIQUE DU SUD"},"content":{"rendered":"<p><u>UNAKIT<\/u><\/p>\n<p>Ce nom de min\u00e9ral provient du premier site de d\u00e9couverte dans les montagnes UNAKA dans l'\u00c9tat am\u00e9ricain de la Caroline.<\/p>\n<p>UNAKIT est une roche contenant des proportions de FELDSPAT rouge et d'EPIDOT vert.<\/p>\n<p>Dans le secteur \"\u00e9sot\u00e9rique\", on utilise volontiers le nom de \"jaspe fleuri\", bien que cette pierre n'ait RIEN \u00e0 voir avec le jaspe v\u00e9ritable.<\/p>\n<p>La pierre n'est pas bris\u00e9e, mais les lignes visibles sont des fissures naturelles dans la pierre.<\/p>\n<p>Une face est coup\u00e9e et polie afin de rendre la r\u00e9partition des couleurs plus visible.<\/p>\n<p>La pierre brute provient de sites de TRANSVAAL dans le sud de l'AFRIQUE.<\/p>\n<p>Poids : 185 g Dimensions : 14 x 9 x 1,5 cm<\/p>\n<p>L'image 3 montre la face brute<\/p>","protected":false},"excerpt":{"rendered":"<p>UNAKIT Ce nom de min\u00e9ral provient du site de la premi\u00e8re d\u00e9couverte dans les montagnes UNAKA, dans l'\u00c9tat am\u00e9ricain de la Caroline. UNAKIT est une roche contenant du SPATEX rouge et de l'EPIDOT vert. Dans le secteur \"\u00e9sot\u00e9rique\", on utilise aussi volontiers le nom de \"JASPIS FLEUR\", bien que cette roche n'ait RIEN \u00e0 voir avec le jaspe v\u00e9ritable. La pierre n'est pas bris\u00e9e, mais [...].<\/p>","protected":false},"featured_media":6493,"template":"","meta":{"_acf_changed":false},"region":[],"product_brand":[],"product_cat":[16],"product_tag":[],"class_list":{"0":"post-6492","1":"product","2":"type-product","3":"status-publish","4":"has-post-thumbnail","6":"product_cat-rohsteine","8":"first","9":"outofstock","10":"sold-individually","11":"product-type-simple"},"acf":[],"_links":{"self":[{"href":"https:\/\/westgem.shop\/fr\/wp-json\/wp\/v2\/product\/6492","targetHints":{"allow":["GET"]}}],"collection":[{"href":"https:\/\/westgem.shop\/fr\/wp-json\/wp\/v2\/product"}],"about":[{"href":"https:\/\/westgem.shop\/fr\/wp-json\/wp\/v2\/types\/product"}],"wp:featuredmedia":[{"embeddable":true,"href":"https:\/\/westgem.shop\/fr\/wp-json\/wp\/v2\/media\/6493"}],"wp:attachment":[{"href":"https:\/\/westgem.shop\/fr\/wp-json\/wp\/v2\/media?parent=6492"}],"wp:term":[{"taxonomy":"region","embeddable":true,"href":"https:\/\/westgem.shop\/fr\/wp-json\/wp\/v2\/region?post=6492"},{"taxonomy":"product_brand","embeddable":true,"href":"https:\/\/westgem.shop\/fr\/wp-json\/wp\/v2\/product_brand?post=6492"},{"taxonomy":"product_cat","embeddable":true,"href":"https:\/\/westgem.shop\/fr\/wp-json\/wp\/v2\/product_cat?post=6492"},{"taxonomy":"product_tag","embeddable":true,"href":"https:\/\/westgem.shop\/fr\/wp-json\/wp\/v2\/product_tag?post=6492"}],"curies":[{"name":"wp","href":"https:\/\/api.w.org\/{rel}","templated":true}]}}