{"id":6496,"date":"2003-03-23T00:00:00","date_gmt":"2003-03-23T00:00:00","guid":{"rendered":"https:\/\/miners.rocks\/product\/sugilith-3\/"},"modified":"2021-09-05T15:36:59","modified_gmt":"2021-09-05T15:36:59","slug":"sugilith-3","status":"publish","type":"product","link":"https:\/\/westgem.shop\/fr\/produit\/sugilith-3\/","title":{"rendered":"SUGILITH"},"content":{"rendered":"<p>Pierre brute SUGILITH<\/p>\n<p>Le SUGILITH est un min\u00e9ral relativement rare qui ne peut actuellement \u00eatre obtenu qu'aupr\u00e8s de la mine WESSELS \u00e0 KURUMAN - Afrique du Sud.<\/p>\n<p>SUGILITH - le nom vient du premier inventeur, le Dr Ken i Sugi, un Japonais qui a trouv\u00e9 ce min\u00e9ral pour la premi\u00e8re fois en 1944 \u00e0 FUJIJAMA au Japon.<\/p>\n<p>Dans les grandes mines de mangan\u00e8se de Kuruman en particulier, on trouve r\u00e9guli\u00e8rement du SUGILITH dans les zones de perturbation des corps de minerai de mangan\u00e8se, sa couleur allant du violet clair au violet fonc\u00e9 et m\u00eame au bleu acier dans certaines pi\u00e8ces. Les parties noires sont du MANGANERZ et les parties brunes sont le min\u00e9ral rare FERRO BUSTAMIT.<\/p>\n<p>Le SUGILITH occupe une place particuli\u00e8re dans ce que l'on appelle la \"m\u00e9decine des pierres\" - pourquoi ? ce n'est pas notre sujet, nous nous occupons de faits min\u00e9ralogiques.<\/p>\n<p>Poids : 141 g Dimensions : 10 x 7 x 2,5 cm<\/p>","protected":false},"excerpt":{"rendered":"<p>Pierre brute SUGILITH SUGILITH est un min\u00e9ral relativement rare qui n'est actuellement disponible que dans la mine WESSELS \u00e0 KURUMAN - Afrique du Sud. SUGILITH - le nom vient du premier inventeur, le Dr Ken i Sugi, un Japonais qui a trouv\u00e9 ce min\u00e9ral pour la premi\u00e8re fois en 1944 \u00e0 FUJIJAMA au Japon. En particulier dans les grandes mines de mangan\u00e8se de Kuruman [...].<\/p>","protected":false},"featured_media":6497,"template":"","meta":{"_acf_changed":false},"region":[],"product_brand":[],"product_cat":[16],"product_tag":[],"class_list":{"0":"post-6496","1":"product","2":"type-product","3":"status-publish","4":"has-post-thumbnail","6":"product_cat-rohsteine","8":"first","9":"outofstock","10":"sold-individually","11":"product-type-simple"},"acf":[],"_links":{"self":[{"href":"https:\/\/westgem.shop\/fr\/wp-json\/wp\/v2\/product\/6496","targetHints":{"allow":["GET"]}}],"collection":[{"href":"https:\/\/westgem.shop\/fr\/wp-json\/wp\/v2\/product"}],"about":[{"href":"https:\/\/westgem.shop\/fr\/wp-json\/wp\/v2\/types\/product"}],"wp:featuredmedia":[{"embeddable":true,"href":"https:\/\/westgem.shop\/fr\/wp-json\/wp\/v2\/media\/6497"}],"wp:attachment":[{"href":"https:\/\/westgem.shop\/fr\/wp-json\/wp\/v2\/media?parent=6496"}],"wp:term":[{"taxonomy":"region","embeddable":true,"href":"https:\/\/westgem.shop\/fr\/wp-json\/wp\/v2\/region?post=6496"},{"taxonomy":"product_brand","embeddable":true,"href":"https:\/\/westgem.shop\/fr\/wp-json\/wp\/v2\/product_brand?post=6496"},{"taxonomy":"product_cat","embeddable":true,"href":"https:\/\/westgem.shop\/fr\/wp-json\/wp\/v2\/product_cat?post=6496"},{"taxonomy":"product_tag","embeddable":true,"href":"https:\/\/westgem.shop\/fr\/wp-json\/wp\/v2\/product_tag?post=6496"}],"curies":[{"name":"wp","href":"https:\/\/api.w.org\/{rel}","templated":true}]}}