{"id":650,"date":"2000-03-31T00:00:00","date_gmt":"2000-03-31T00:00:00","guid":{"rendered":"https:\/\/miners.rocks\/product\/143\/"},"modified":"2020-05-19T16:55:53","modified_gmt":"2020-05-19T16:55:53","slug":"cristal-de-roche-xx-mount-ida","status":"publish","type":"product","link":"https:\/\/westgem.shop\/fr\/produit\/cristal-de-roche-xx-mount-ida\/","title":{"rendered":"BERGKRISTALL xx Mont Ida"},"content":{"rendered":"<p>Les niveaux de cristal de roche de pointe proviennent principalement des sites de l'Arkansas<\/p>\n<p>Des quartz fum\u00e9s, parfois m\u00eame des morions, provenant de cette r\u00e9gion sont r\u00e9guli\u00e8rement propos\u00e9s. Ces pi\u00e8ces sont toutefois des cristaux de roche cuits, car AUCUN quartz fum\u00e9 naturel n'a \u00e9t\u00e9 trouv\u00e9 en Arkansas jusqu'\u00e0 pr\u00e9sent.<\/p>\n<p>Poids de cette \u00e9tape : 0,522 kg(522 grammes)<\/p>\n<p>Dimensions : 10,5 x 10 x 7,5 cm<\/p>","protected":false},"excerpt":{"rendered":"<p>Les marches en cristal de roche de pointe proviennent principalement des sites de l'Arkansas. Des quartz fum\u00e9s, parfois m\u00eame des morions, sont r\u00e9guli\u00e8rement propos\u00e9s dans cette r\u00e9gion. Ces pi\u00e8ces sont toutefois des cristaux de roche cuits, car AUCUN quartz fum\u00e9 naturel n'a \u00e9t\u00e9 trouv\u00e9 en Arkansas jusqu'\u00e0 pr\u00e9sent. Poids de ce niveau : 0,522 kg(522 grammes) Dimensions : 10,5 x 10 x 7,5 cm<\/p>","protected":false},"featured_media":651,"template":"","meta":{"_acf_changed":false},"region":[],"product_brand":[],"product_cat":[15],"product_tag":[],"class_list":{"0":"post-650","1":"product","2":"type-product","3":"status-publish","4":"has-post-thumbnail","6":"product_cat-mineralien","8":"first","9":"outofstock","10":"sold-individually","11":"product-type-simple"},"acf":[],"_links":{"self":[{"href":"https:\/\/westgem.shop\/fr\/wp-json\/wp\/v2\/product\/650","targetHints":{"allow":["GET"]}}],"collection":[{"href":"https:\/\/westgem.shop\/fr\/wp-json\/wp\/v2\/product"}],"about":[{"href":"https:\/\/westgem.shop\/fr\/wp-json\/wp\/v2\/types\/product"}],"wp:featuredmedia":[{"embeddable":true,"href":"https:\/\/westgem.shop\/fr\/wp-json\/wp\/v2\/media\/651"}],"wp:attachment":[{"href":"https:\/\/westgem.shop\/fr\/wp-json\/wp\/v2\/media?parent=650"}],"wp:term":[{"taxonomy":"region","embeddable":true,"href":"https:\/\/westgem.shop\/fr\/wp-json\/wp\/v2\/region?post=650"},{"taxonomy":"product_brand","embeddable":true,"href":"https:\/\/westgem.shop\/fr\/wp-json\/wp\/v2\/product_brand?post=650"},{"taxonomy":"product_cat","embeddable":true,"href":"https:\/\/westgem.shop\/fr\/wp-json\/wp\/v2\/product_cat?post=650"},{"taxonomy":"product_tag","embeddable":true,"href":"https:\/\/westgem.shop\/fr\/wp-json\/wp\/v2\/product_tag?post=650"}],"curies":[{"name":"wp","href":"https:\/\/api.w.org\/{rel}","templated":true}]}}