{"id":6501,"date":"2003-03-24T00:00:00","date_gmt":"2003-03-24T00:00:00","guid":{"rendered":"https:\/\/miners.rocks\/product\/achat-jaspis-aaa\/"},"modified":"2021-09-05T15:37:08","modified_gmt":"2021-09-05T15:37:08","slug":"achat-jaspis-aaa","status":"publish","type":"product","link":"https:\/\/westgem.shop\/fr\/produit\/achat-jaspis-aaa\/","title":{"rendered":"ACHAT Jaspis AAA"},"content":{"rendered":"<p><u>ACHAT Jaspis ou JASPACHAT<\/u><\/p>\n<p>Magnifique jaspe avec ACHAT de l'oasis TIDIKELT dans le SAHARA - ALG\u00c9RIE<\/p>\n<p>Nous avons achet\u00e9 une tonne de mati\u00e8re premi\u00e8re de ce mat\u00e9riau il y a plus de 10 ans. 80% des grosses pierres \u00e9taient malheureusement \"de la ferraille\", d'innombrables fissures dues au dynamitage probablement, ou tout simplement pas assez bonnes. Nous avons toutefois obtenu de beaux produits de taille \u00e0 partir des 20 '% restants. Il nous reste quelques magnifiques pierres brutes, en voici une.<\/p>\n<p>Des couleurs et des structures superbes, tr\u00e8s compactes, on pourrait certainement en tailler de belles pierres pr\u00e9cieuses.<\/p>\n<p>Poids : 700 g Dimensions : 13 x 8 x 5 cm<\/p>\n<p><u>Ce mat\u00e9riau n'est pratiquement PLUS disponible sur le march\u00e9.<\/u><\/p>","protected":false},"excerpt":{"rendered":"<p>ACHAT Jaspe ou JASPACHAT Magnifique jaspe avec ACHAT de l'oasis de TIDIKELT dans le SAHARA - ALG\u00c9RIE Nous avons achet\u00e9 une tonne de mati\u00e8re premi\u00e8re de ce mat\u00e9riau il y a plus de 10 ans. 80% des grosses pierres \u00e9taient malheureusement \"de la ferraille\", d'innombrables fissures dues au dynamitage probablement, ou tout simplement pas assez bonnes. Avec les 20 '% restants, nous avons [...]<\/p>","protected":false},"featured_media":6502,"template":"","meta":{"_acf_changed":false},"region":[],"product_brand":[],"product_cat":[16],"product_tag":[],"class_list":{"0":"post-6501","1":"product","2":"type-product","3":"status-publish","4":"has-post-thumbnail","6":"product_cat-rohsteine","8":"first","9":"outofstock","10":"sold-individually","11":"product-type-simple"},"acf":[],"_links":{"self":[{"href":"https:\/\/westgem.shop\/fr\/wp-json\/wp\/v2\/product\/6501","targetHints":{"allow":["GET"]}}],"collection":[{"href":"https:\/\/westgem.shop\/fr\/wp-json\/wp\/v2\/product"}],"about":[{"href":"https:\/\/westgem.shop\/fr\/wp-json\/wp\/v2\/types\/product"}],"wp:featuredmedia":[{"embeddable":true,"href":"https:\/\/westgem.shop\/fr\/wp-json\/wp\/v2\/media\/6502"}],"wp:attachment":[{"href":"https:\/\/westgem.shop\/fr\/wp-json\/wp\/v2\/media?parent=6501"}],"wp:term":[{"taxonomy":"region","embeddable":true,"href":"https:\/\/westgem.shop\/fr\/wp-json\/wp\/v2\/region?post=6501"},{"taxonomy":"product_brand","embeddable":true,"href":"https:\/\/westgem.shop\/fr\/wp-json\/wp\/v2\/product_brand?post=6501"},{"taxonomy":"product_cat","embeddable":true,"href":"https:\/\/westgem.shop\/fr\/wp-json\/wp\/v2\/product_cat?post=6501"},{"taxonomy":"product_tag","embeddable":true,"href":"https:\/\/westgem.shop\/fr\/wp-json\/wp\/v2\/product_tag?post=6501"}],"curies":[{"name":"wp","href":"https:\/\/api.w.org\/{rel}","templated":true}]}}