{"id":6505,"date":"2003-03-25T00:00:00","date_gmt":"2003-03-25T00:00:00","guid":{"rendered":"https:\/\/miners.rocks\/product\/achatjaspis-aa\/"},"modified":"2021-09-05T15:37:09","modified_gmt":"2021-09-05T15:37:09","slug":"achatjaspis-aa","status":"publish","type":"product","link":"https:\/\/westgem.shop\/fr\/produit\/achatjaspis-aa\/","title":{"rendered":"ACHATJASPIS AA"},"content":{"rendered":"<p>Tr\u00e8s int\u00e9ressant jaspe ACHAT provenant d'un ancien lot.<\/p>\n<p>Jaspe brun clair avec des ACHATS blancs.<\/p>\n<p>Le lieu de la d\u00e9couverte \u00e9tait l'oasis de TIDIKELT dans le SAHARA - ALG\u00c9RIE - Afrique du Nord<\/p>\n<p>Poids : 540 g Dim : 10 x 8 x 7 cm<\/p>\n<p>RARE, on ne le voit presque plus nulle part !<\/p>","protected":false},"excerpt":{"rendered":"<p>Tr\u00e8s int\u00e9ressant jaspe ACHAT provenant d'un ancien lot. Jaspe brun clair avec des ACHATS blancs. Le lieu de d\u00e9couverte \u00e9tait l'oasis de TIDIKELT en SAHARA - ALGERIE - Afrique du Nord Poids : 540 g Dim : 10 x 8 x 7 cm RARES, on ne le voit presque plus nulle part !<\/p>","protected":false},"featured_media":6506,"template":"","meta":{"_acf_changed":false},"region":[],"product_brand":[],"product_cat":[16],"product_tag":[],"class_list":{"0":"post-6505","1":"product","2":"type-product","3":"status-publish","4":"has-post-thumbnail","6":"product_cat-rohsteine","8":"first","9":"outofstock","10":"sold-individually","11":"product-type-simple"},"acf":[],"_links":{"self":[{"href":"https:\/\/westgem.shop\/fr\/wp-json\/wp\/v2\/product\/6505","targetHints":{"allow":["GET"]}}],"collection":[{"href":"https:\/\/westgem.shop\/fr\/wp-json\/wp\/v2\/product"}],"about":[{"href":"https:\/\/westgem.shop\/fr\/wp-json\/wp\/v2\/types\/product"}],"wp:featuredmedia":[{"embeddable":true,"href":"https:\/\/westgem.shop\/fr\/wp-json\/wp\/v2\/media\/6506"}],"wp:attachment":[{"href":"https:\/\/westgem.shop\/fr\/wp-json\/wp\/v2\/media?parent=6505"}],"wp:term":[{"taxonomy":"region","embeddable":true,"href":"https:\/\/westgem.shop\/fr\/wp-json\/wp\/v2\/region?post=6505"},{"taxonomy":"product_brand","embeddable":true,"href":"https:\/\/westgem.shop\/fr\/wp-json\/wp\/v2\/product_brand?post=6505"},{"taxonomy":"product_cat","embeddable":true,"href":"https:\/\/westgem.shop\/fr\/wp-json\/wp\/v2\/product_cat?post=6505"},{"taxonomy":"product_tag","embeddable":true,"href":"https:\/\/westgem.shop\/fr\/wp-json\/wp\/v2\/product_tag?post=6505"}],"curies":[{"name":"wp","href":"https:\/\/api.w.org\/{rel}","templated":true}]}}