{"id":6508,"date":"2003-03-26T00:00:00","date_gmt":"2003-03-26T00:00:00","guid":{"rendered":"https:\/\/miners.rocks\/product\/1a-achat-jaspis\/"},"modified":"2021-09-05T15:30:17","modified_gmt":"2021-09-05T15:30:17","slug":"1a-achat-jaspis","status":"publish","type":"product","link":"https:\/\/westgem.shop\/fr\/produit\/1a-achat-jaspis\/","title":{"rendered":"1A AGATE\/JASPIS"},"content":{"rendered":"<p>Tr\u00e8s belle ACHATJASPIS<\/p>\n<p>Jaspe brun avec de belles ACHATES de l'oasis du Tidikelt dans le SAHARA<\/p>\n<p>Il n'est gu\u00e8re possible de trouver d'autres pi\u00e8ces de ce site.<\/p>\n<p>poids : 0,7 kilogramme<\/p>\n<p>Dimensions : 14 x 6 x 6 cm<\/p>\n<p>La derni\u00e8re image montre le verso, \u00e9galement avec de nombreux ACHATS.<\/p>","protected":false},"excerpt":{"rendered":"<p>Tr\u00e8s belle ACHATJASPIS Jaspe brun avec de belles ACHATES provenant de l'oasis de Tidikelt dans le SAHARA On ne trouve pratiquement plus de pi\u00e8ces de ce site. Poids : 0,7 kilogramme Dimensions : 14 x 6 x 6 cm La derni\u00e8re photo montre le dos, \u00e9galement avec de nombreuses ACHATES.<\/p>","protected":false},"featured_media":6509,"template":"","meta":{"_acf_changed":false},"region":[],"product_brand":[],"product_cat":[16],"product_tag":[],"class_list":{"0":"post-6508","1":"product","2":"type-product","3":"status-publish","4":"has-post-thumbnail","6":"product_cat-rohsteine","8":"first","9":"outofstock","10":"sold-individually","11":"product-type-simple"},"acf":[],"_links":{"self":[{"href":"https:\/\/westgem.shop\/fr\/wp-json\/wp\/v2\/product\/6508","targetHints":{"allow":["GET"]}}],"collection":[{"href":"https:\/\/westgem.shop\/fr\/wp-json\/wp\/v2\/product"}],"about":[{"href":"https:\/\/westgem.shop\/fr\/wp-json\/wp\/v2\/types\/product"}],"wp:featuredmedia":[{"embeddable":true,"href":"https:\/\/westgem.shop\/fr\/wp-json\/wp\/v2\/media\/6509"}],"wp:attachment":[{"href":"https:\/\/westgem.shop\/fr\/wp-json\/wp\/v2\/media?parent=6508"}],"wp:term":[{"taxonomy":"region","embeddable":true,"href":"https:\/\/westgem.shop\/fr\/wp-json\/wp\/v2\/region?post=6508"},{"taxonomy":"product_brand","embeddable":true,"href":"https:\/\/westgem.shop\/fr\/wp-json\/wp\/v2\/product_brand?post=6508"},{"taxonomy":"product_cat","embeddable":true,"href":"https:\/\/westgem.shop\/fr\/wp-json\/wp\/v2\/product_cat?post=6508"},{"taxonomy":"product_tag","embeddable":true,"href":"https:\/\/westgem.shop\/fr\/wp-json\/wp\/v2\/product_tag?post=6508"}],"curies":[{"name":"wp","href":"https:\/\/api.w.org\/{rel}","templated":true}]}}