{"id":6513,"date":"2003-03-27T00:00:00","date_gmt":"2003-03-27T00:00:00","guid":{"rendered":"https:\/\/miners.rocks\/product\/artischocken-quarz-xx-sambia\/"},"modified":"2021-09-05T15:30:18","modified_gmt":"2021-09-05T15:30:18","slug":"artichauts-quartz-xx-zambie","status":"publish","type":"product","link":"https:\/\/westgem.shop\/fr\/produit\/artichauts-quartz-xx-zambie\/","title":{"rendered":"\"Artichauts\" Quartz xx - Zambie"},"content":{"rendered":"<p>\"ARTISCHOCKEN\" Quartz = CRISTAL DE MONTAGNE avec des cristaux trapus et plusieurs faces terminales.<\/p>\n<p>xx tr\u00e8s brillants et transparents sur une matrice \u00e9paisse de quartz, l\u00e9g\u00e8rement violets = am\u00e9thyste<\/p>\n<p>D'un vieux lot de 2002 de KABWE - SAMBIA - AFRIQUE<\/p>\n<p>poids :<u> 1,8 kilogramme<\/u><\/p>\n<p>Dimensions : 19 x 11 x 7 cm  <\/p>","protected":false},"excerpt":{"rendered":"<p>\"ARTISCHOCKEN\" Quartz = CRISTAL DE MONTAGNE avec des cristaux trapus et plusieurs faces terminales. xx tr\u00e8s brillants et transparents sur une matrice \u00e9paisse de quartz, l\u00e9g\u00e8rement violets = am\u00e9thyste D'un ancien lot de 2002 du KABWE - SAMBIA - AFRIQUE Poids : 1,8 kilogramme Dimensions : 19 x 11 x 7 cm<\/p>","protected":false},"featured_media":6514,"template":"","meta":{"_acf_changed":false},"region":[],"product_brand":[],"product_cat":[19],"product_tag":[],"class_list":{"0":"post-6513","1":"product","2":"type-product","3":"status-publish","4":"has-post-thumbnail","6":"product_cat-kristallstufen","8":"first","9":"outofstock","10":"sold-individually","11":"product-type-simple"},"acf":[],"_links":{"self":[{"href":"https:\/\/westgem.shop\/fr\/wp-json\/wp\/v2\/product\/6513","targetHints":{"allow":["GET"]}}],"collection":[{"href":"https:\/\/westgem.shop\/fr\/wp-json\/wp\/v2\/product"}],"about":[{"href":"https:\/\/westgem.shop\/fr\/wp-json\/wp\/v2\/types\/product"}],"wp:featuredmedia":[{"embeddable":true,"href":"https:\/\/westgem.shop\/fr\/wp-json\/wp\/v2\/media\/6514"}],"wp:attachment":[{"href":"https:\/\/westgem.shop\/fr\/wp-json\/wp\/v2\/media?parent=6513"}],"wp:term":[{"taxonomy":"region","embeddable":true,"href":"https:\/\/westgem.shop\/fr\/wp-json\/wp\/v2\/region?post=6513"},{"taxonomy":"product_brand","embeddable":true,"href":"https:\/\/westgem.shop\/fr\/wp-json\/wp\/v2\/product_brand?post=6513"},{"taxonomy":"product_cat","embeddable":true,"href":"https:\/\/westgem.shop\/fr\/wp-json\/wp\/v2\/product_cat?post=6513"},{"taxonomy":"product_tag","embeddable":true,"href":"https:\/\/westgem.shop\/fr\/wp-json\/wp\/v2\/product_tag?post=6513"}],"curies":[{"name":"wp","href":"https:\/\/api.w.org\/{rel}","templated":true}]}}