{"id":6518,"date":"2003-03-28T00:00:00","date_gmt":"2003-03-28T00:00:00","guid":{"rendered":"https:\/\/miners.rocks\/product\/tigereisen-3\/"},"modified":"2021-09-05T15:30:18","modified_gmt":"2021-09-05T15:30:18","slug":"voyage-en-tigre-3","status":"publish","type":"product","link":"https:\/\/westgem.shop\/fr\/produit\/voyage-en-tigre-3\/","title":{"rendered":"Fer Tigre"},"content":{"rendered":"<p>Beau fer de tigre<\/p>\n<p>Fer de tigre = jaspe brun travers\u00e9 de veines m\u00e9talliques noires de magn\u00e9tite et d'\u0153il de tigre dor\u00e9 brillant<\/p>\n<p>Les veines noires de magn\u00e9tite\/h\u00e9matite proviennent de ZENES BALNES qui se sont \u00e9chapp\u00e9es de volcans sous-marins il y a plus de 2 MILLIARDS d'ann\u00e9es.<\/p>\n<p>La pi\u00e8ce provient de la BANDET IRON MINE - TRANSVAAL - AFRIQUE DU SUD<\/p>\n<p>Poids : 340 g Dimensions : 12 x 6 x 5 cm<\/p>","protected":false},"excerpt":{"rendered":"<p>Beau fer du tigre Fer du tigre = jaspe brun travers\u00e9 par des veines m\u00e9talliques, noires de magn\u00e9tite et d'\u0153il de tigre dor\u00e9 Les veines noires de magn\u00e9tite\/h\u00e9matite proviennent de ZENES DE BANDE qui se sont \u00e9chapp\u00e9es de volcans sous-marins il y a plus de 2 MILLIARDS d'ann\u00e9es. La pi\u00e8ce provient de la mine de BANDET IRON MINE - TRANSVAAL - AFRIQUE DU SUD Poids : 340 g Dimensions : 12 [...].<\/p>","protected":false},"featured_media":6519,"template":"","meta":{"_acf_changed":false},"region":[],"product_brand":[],"product_cat":[16],"product_tag":[],"class_list":{"0":"post-6518","1":"product","2":"type-product","3":"status-publish","4":"has-post-thumbnail","6":"product_cat-rohsteine","8":"first","9":"outofstock","10":"sold-individually","11":"product-type-simple"},"acf":[],"_links":{"self":[{"href":"https:\/\/westgem.shop\/fr\/wp-json\/wp\/v2\/product\/6518","targetHints":{"allow":["GET"]}}],"collection":[{"href":"https:\/\/westgem.shop\/fr\/wp-json\/wp\/v2\/product"}],"about":[{"href":"https:\/\/westgem.shop\/fr\/wp-json\/wp\/v2\/types\/product"}],"wp:featuredmedia":[{"embeddable":true,"href":"https:\/\/westgem.shop\/fr\/wp-json\/wp\/v2\/media\/6519"}],"wp:attachment":[{"href":"https:\/\/westgem.shop\/fr\/wp-json\/wp\/v2\/media?parent=6518"}],"wp:term":[{"taxonomy":"region","embeddable":true,"href":"https:\/\/westgem.shop\/fr\/wp-json\/wp\/v2\/region?post=6518"},{"taxonomy":"product_brand","embeddable":true,"href":"https:\/\/westgem.shop\/fr\/wp-json\/wp\/v2\/product_brand?post=6518"},{"taxonomy":"product_cat","embeddable":true,"href":"https:\/\/westgem.shop\/fr\/wp-json\/wp\/v2\/product_cat?post=6518"},{"taxonomy":"product_tag","embeddable":true,"href":"https:\/\/westgem.shop\/fr\/wp-json\/wp\/v2\/product_tag?post=6518"}],"curies":[{"name":"wp","href":"https:\/\/api.w.org\/{rel}","templated":true}]}}