{"id":6521,"date":"2003-03-29T00:00:00","date_gmt":"2003-03-29T00:00:00","guid":{"rendered":"https:\/\/miners.rocks\/product\/hundezahn-calcit-xx\/"},"modified":"2020-05-19T17:06:37","modified_gmt":"2020-05-19T17:06:37","slug":"dent-de-chien-calcit-xx","status":"publish","type":"product","link":"https:\/\/westgem.shop\/fr\/produit\/dent-de-chien-calcit-xx\/","title":{"rendered":"\" Dent de chien \" CALCIT xx"},"content":{"rendered":"<p>\n\tUne belle pi\u00e8ce provenant d'un ancien lot d'un site c\u00e9l\u00e8bre.<\/p>\n<p>\n\tMarche \u00e0 main avec une grande \"dent de chien\" cristal CALCIT - 4 cm - sur une pelouse avec d'innombrables petits xx brillants .<\/p>\n<p>\n\tLe lieu de d\u00e9couverte en 1997 \u00e9tait IRAI - Br\u00e9sil.<\/p>\n<p>\n\tPoids : 134 g Dimensions : 12x12x8 cm<\/p>","protected":false},"excerpt":{"rendered":"<p>Une belle pi\u00e8ce provenant d'un ancien lot d'un site c\u00e9l\u00e8bre. Marche \u00e0 main avec un grand cristal \"dent de chien\" CALCIT - 4 cm - sur une pelouse avec d'innombrables petits xx brillants . Le site de la d\u00e9couverte en 1997 \u00e9tait IRAI - Br\u00e9sil. Poids : 134 g Dimensions : 12x12x8 cm<\/p>","protected":false},"featured_media":6522,"template":"","meta":{"_acf_changed":false},"region":[],"product_brand":[],"product_cat":[19],"product_tag":[],"class_list":{"0":"post-6521","1":"product","2":"type-product","3":"status-publish","4":"has-post-thumbnail","6":"product_cat-kristallstufen","8":"first","9":"outofstock","10":"sold-individually","11":"product-type-simple"},"acf":[],"_links":{"self":[{"href":"https:\/\/westgem.shop\/fr\/wp-json\/wp\/v2\/product\/6521","targetHints":{"allow":["GET"]}}],"collection":[{"href":"https:\/\/westgem.shop\/fr\/wp-json\/wp\/v2\/product"}],"about":[{"href":"https:\/\/westgem.shop\/fr\/wp-json\/wp\/v2\/types\/product"}],"wp:featuredmedia":[{"embeddable":true,"href":"https:\/\/westgem.shop\/fr\/wp-json\/wp\/v2\/media\/6522"}],"wp:attachment":[{"href":"https:\/\/westgem.shop\/fr\/wp-json\/wp\/v2\/media?parent=6521"}],"wp:term":[{"taxonomy":"region","embeddable":true,"href":"https:\/\/westgem.shop\/fr\/wp-json\/wp\/v2\/region?post=6521"},{"taxonomy":"product_brand","embeddable":true,"href":"https:\/\/westgem.shop\/fr\/wp-json\/wp\/v2\/product_brand?post=6521"},{"taxonomy":"product_cat","embeddable":true,"href":"https:\/\/westgem.shop\/fr\/wp-json\/wp\/v2\/product_cat?post=6521"},{"taxonomy":"product_tag","embeddable":true,"href":"https:\/\/westgem.shop\/fr\/wp-json\/wp\/v2\/product_tag?post=6521"}],"curies":[{"name":"wp","href":"https:\/\/api.w.org\/{rel}","templated":true}]}}