{"id":6524,"date":"2003-03-30T00:00:00","date_gmt":"2003-03-30T00:00:00","guid":{"rendered":"https:\/\/miners.rocks\/product\/chalcedon-feuerstein-4\/"},"modified":"2021-09-05T15:27:22","modified_gmt":"2021-09-05T15:27:22","slug":"calcedoine-silex-4","status":"publish","type":"product","link":"https:\/\/westgem.shop\/fr\/produit\/calcedoine-silex-4\/","title":{"rendered":"Calc\u00e9doine Silex"},"content":{"rendered":"<p>\n\tSuper,belle PIERRE DE CHALCEDON polychrome = multicolore.<\/p>\n<p>\tLa forme des tubercules et l'\u00e9corce d'alt\u00e9ration sont typiques de la pierre de Feur.<\/p>\n<p>\tCouleurs et textures tr\u00e8s int\u00e9ressantes. Ar\u00eates de rupture tranchantes comme des rasoirs.<\/p>\n<p>\t15 x 10 x 5 cm<br \/>\n\tpoids 670g<br \/>\n\tOn le trouve \u00e0 Antsirabe, \u00e0 Madagascar.<\/p>\n<p>\n\tPhotographi\u00e9 humide - sec, la couleur de l'\u00e9corce est alors moins rouge.La derni\u00e8re photo est l'arri\u00e8re du tubercule-<\/p>","protected":false},"excerpt":{"rendered":"<p>Super,belle PIERRE DE FEU polychrome = multicolore CHALCEDON. La forme des tubercules et l'\u00e9corce d'alt\u00e9ration sont typiques de la pierre de Feur. Couleurs et structures tr\u00e8s int\u00e9ressantes. Ar\u00eates de fracture tranchantes comme un rasoir. 15 x 10 x 5 cm Poids 670g Trouv\u00e9 \u00e0 Antsirabe, Madagascar Photographi\u00e9 mouill\u00e9 - \u00e0 sec, la couleur de l'\u00e9corce est moins rouge.<\/p>","protected":false},"featured_media":6525,"template":"","meta":{"_acf_changed":false},"region":[],"product_brand":[],"product_cat":[16],"product_tag":[],"class_list":{"0":"post-6524","1":"product","2":"type-product","3":"status-publish","4":"has-post-thumbnail","6":"product_cat-rohsteine","8":"first","9":"outofstock","10":"sold-individually","11":"product-type-simple"},"acf":[],"_links":{"self":[{"href":"https:\/\/westgem.shop\/fr\/wp-json\/wp\/v2\/product\/6524","targetHints":{"allow":["GET"]}}],"collection":[{"href":"https:\/\/westgem.shop\/fr\/wp-json\/wp\/v2\/product"}],"about":[{"href":"https:\/\/westgem.shop\/fr\/wp-json\/wp\/v2\/types\/product"}],"wp:featuredmedia":[{"embeddable":true,"href":"https:\/\/westgem.shop\/fr\/wp-json\/wp\/v2\/media\/6525"}],"wp:attachment":[{"href":"https:\/\/westgem.shop\/fr\/wp-json\/wp\/v2\/media?parent=6524"}],"wp:term":[{"taxonomy":"region","embeddable":true,"href":"https:\/\/westgem.shop\/fr\/wp-json\/wp\/v2\/region?post=6524"},{"taxonomy":"product_brand","embeddable":true,"href":"https:\/\/westgem.shop\/fr\/wp-json\/wp\/v2\/product_brand?post=6524"},{"taxonomy":"product_cat","embeddable":true,"href":"https:\/\/westgem.shop\/fr\/wp-json\/wp\/v2\/product_cat?post=6524"},{"taxonomy":"product_tag","embeddable":true,"href":"https:\/\/westgem.shop\/fr\/wp-json\/wp\/v2\/product_tag?post=6524"}],"curies":[{"name":"wp","href":"https:\/\/api.w.org\/{rel}","templated":true}]}}