{"id":6528,"date":"2003-03-31T00:00:00","date_gmt":"2003-03-31T00:00:00","guid":{"rendered":"https:\/\/miners.rocks\/product\/tigereisen-4\/"},"modified":"2021-09-05T15:27:23","modified_gmt":"2021-09-05T15:27:23","slug":"voyage-en-tigre-4","status":"publish","type":"product","link":"https:\/\/westgem.shop\/fr\/produit\/voyage-en-tigre-4\/","title":{"rendered":"Fer Tigre"},"content":{"rendered":"<p>\n\tLe fer du tigre est un assemblage de jaspe MARRON, d'\u0153il de tigre dor\u00e9 et de pierres noires. <\/p>\n<p>\n\tMinerai de fer de magn\u00e9tite. La magn\u00e9tite de fer s'est form\u00e9e il y a plus de 2 MILLIARDS d'ann\u00e9es \u00e0 partir de roches sous-marines.<\/p>\n<p>\n\tse sont \u00e9chapp\u00e9s de volcans. Les autres composants ne se sont form\u00e9s que bien plus tard.<\/p>\n<p>\n\tLieu de d\u00e9couverte : Bandet Iron Mine - Transvaal - Afrique du Sud<\/p>\n<p>\n\tDimensions : 10 x 8 x 8 cm Poids : 0,67 kg<\/p>\n<p>\n\tPhotographi\u00e9 humide<\/p>","protected":false},"excerpt":{"rendered":"<p>Le fer du tigre est un assemblage de jaspe MARRON, d'\u0153il de tigre dor\u00e9 et de minerai de fer magn\u00e9tite d'un noir profond. La magn\u00e9tite de fer s'est \u00e9chapp\u00e9e de volcans sous-marins il y a plus de 2 MILLIARDS d'ann\u00e9es. Les autres composants se sont form\u00e9s bien plus tard. Lieu de d\u00e9couverte : Bandet Iron Mine - Transvaal - Afrique du Sud Dimensions : 10 x 8 x 8 cm Poids : 0,67 kg [...]<\/p>","protected":false},"featured_media":6529,"template":"","meta":{"_acf_changed":false},"region":[],"product_brand":[],"product_cat":[16],"product_tag":[],"class_list":{"0":"post-6528","1":"product","2":"type-product","3":"status-publish","4":"has-post-thumbnail","6":"product_cat-rohsteine","8":"first","9":"outofstock","10":"sold-individually","11":"product-type-simple"},"acf":[],"_links":{"self":[{"href":"https:\/\/westgem.shop\/fr\/wp-json\/wp\/v2\/product\/6528","targetHints":{"allow":["GET"]}}],"collection":[{"href":"https:\/\/westgem.shop\/fr\/wp-json\/wp\/v2\/product"}],"about":[{"href":"https:\/\/westgem.shop\/fr\/wp-json\/wp\/v2\/types\/product"}],"wp:featuredmedia":[{"embeddable":true,"href":"https:\/\/westgem.shop\/fr\/wp-json\/wp\/v2\/media\/6529"}],"wp:attachment":[{"href":"https:\/\/westgem.shop\/fr\/wp-json\/wp\/v2\/media?parent=6528"}],"wp:term":[{"taxonomy":"region","embeddable":true,"href":"https:\/\/westgem.shop\/fr\/wp-json\/wp\/v2\/region?post=6528"},{"taxonomy":"product_brand","embeddable":true,"href":"https:\/\/westgem.shop\/fr\/wp-json\/wp\/v2\/product_brand?post=6528"},{"taxonomy":"product_cat","embeddable":true,"href":"https:\/\/westgem.shop\/fr\/wp-json\/wp\/v2\/product_cat?post=6528"},{"taxonomy":"product_tag","embeddable":true,"href":"https:\/\/westgem.shop\/fr\/wp-json\/wp\/v2\/product_tag?post=6528"}],"curies":[{"name":"wp","href":"https:\/\/api.w.org\/{rel}","templated":true}]}}