{"id":6531,"date":"2003-04-01T00:00:00","date_gmt":"2003-04-01T00:00:00","guid":{"rendered":"https:\/\/miners.rocks\/product\/achatjaspis\/"},"modified":"2021-09-05T15:27:23","modified_gmt":"2021-09-05T15:27:23","slug":"achatjaspis","status":"publish","type":"product","link":"https:\/\/westgem.shop\/fr\/produit\/achatjaspis\/","title":{"rendered":"ACHATJASPIS"},"content":{"rendered":"<p>\n\tPierre brute ACHATJASPIS ou aussi appel\u00e9e JASPACHAT avec de belles couleurs et structures.<\/p>\n<p>\n\t<br \/>\n\tJaspe massif brun-rouge-jaune avec de petites ACHATES incrust\u00e9es.<br \/>\n\tCes vari\u00e9t\u00e9s sont \u00e9galement appel\u00e9es jaspe \"Hildegard\", en r\u00e9f\u00e9rence \u00e0 Hildegard von Bingen, qui aurait d\u00e9crit cette esp\u00e8ce de jaspe.  On trouve encore aujourd'hui des ACHATJASPIS dans la r\u00e9gion de Rh\u00e9nanie-Palatinat.<\/p>\n<p>\n\t<br \/>\n\tCette pi\u00e8ce provient d'un ancien site en Alg\u00e9rie centrale et Tidikelt - Sahara - Afrique du Nord.<br \/>\n\tDimensions : 12 x 10 x 9 cm Poids : 1 kilogramme .<\/p>","protected":false},"excerpt":{"rendered":"<p>Pierre brute ACHATJASPIS ou aussi appel\u00e9e JASPACHAT avec de belles couleurs et structures. Jaspe massif brun-rouge-jaune avec de petites ACHATES incrust\u00e9es. Ces vari\u00e9t\u00e9s sont \u00e9galement appel\u00e9es jaspe \"Hildegard\", en r\u00e9f\u00e9rence \u00e0 Hildegard von Bingen, qui aurait d\u00e9crit cette esp\u00e8ce de jaspe. On trouve encore aujourd'hui des ACHATJASPIS dans la r\u00e9gion de Rh\u00e9nanie-Palatinat. Cette pi\u00e8ce provient [...]<\/p>","protected":false},"featured_media":6532,"template":"","meta":{"_acf_changed":false},"region":[],"product_brand":[],"product_cat":[16],"product_tag":[],"class_list":{"0":"post-6531","1":"product","2":"type-product","3":"status-publish","4":"has-post-thumbnail","6":"product_cat-rohsteine","8":"first","9":"outofstock","10":"sold-individually","11":"product-type-simple"},"acf":[],"_links":{"self":[{"href":"https:\/\/westgem.shop\/fr\/wp-json\/wp\/v2\/product\/6531","targetHints":{"allow":["GET"]}}],"collection":[{"href":"https:\/\/westgem.shop\/fr\/wp-json\/wp\/v2\/product"}],"about":[{"href":"https:\/\/westgem.shop\/fr\/wp-json\/wp\/v2\/types\/product"}],"wp:featuredmedia":[{"embeddable":true,"href":"https:\/\/westgem.shop\/fr\/wp-json\/wp\/v2\/media\/6532"}],"wp:attachment":[{"href":"https:\/\/westgem.shop\/fr\/wp-json\/wp\/v2\/media?parent=6531"}],"wp:term":[{"taxonomy":"region","embeddable":true,"href":"https:\/\/westgem.shop\/fr\/wp-json\/wp\/v2\/region?post=6531"},{"taxonomy":"product_brand","embeddable":true,"href":"https:\/\/westgem.shop\/fr\/wp-json\/wp\/v2\/product_brand?post=6531"},{"taxonomy":"product_cat","embeddable":true,"href":"https:\/\/westgem.shop\/fr\/wp-json\/wp\/v2\/product_cat?post=6531"},{"taxonomy":"product_tag","embeddable":true,"href":"https:\/\/westgem.shop\/fr\/wp-json\/wp\/v2\/product_tag?post=6531"}],"curies":[{"name":"wp","href":"https:\/\/api.w.org\/{rel}","templated":true}]}}