{"id":6539,"date":"2003-04-03T00:00:00","date_gmt":"2003-04-03T00:00:00","guid":{"rendered":"https:\/\/miners.rocks\/product\/orange-river-jaspis-3\/"},"modified":"2021-09-05T15:27:32","modified_gmt":"2021-09-05T15:27:32","slug":"orange-river-jaspis-3","status":"publish","type":"product","link":"https:\/\/westgem.shop\/fr\/produit\/orange-river-jaspis-3\/","title":{"rendered":"Jaspe de la rivi\u00e8re Orange"},"content":{"rendered":"<\/p>\n<p>\n\tJaspe brut de couleur intense avec d'int\u00e9ressantes lignes de quartz blanc.<\/p>\n<\/p>\n<p>\n\tlocalisation de la trouvaille : Orange River - Northern Cape - Afrique du Sud<\/p>\n<\/p>\n<p>\n\tDimensions : 12 x 9 x 8 cm Poids : 822 g<\/p>\n<p>\n\tPhotographi\u00e9 humide <\/p>","protected":false},"excerpt":{"rendered":"<p>Pi\u00e8ce brute en jaspe de couleur intense avec d'int\u00e9ressantes lignes de quartz blanc. Lieu de d\u00e9couverte : Orange River - Northern Cape - Afrique du Sud Dimensions : 12 x 9 x 8 cm Poids : 822 g Photographi\u00e9 humide<\/p>","protected":false},"featured_media":6540,"template":"","meta":{"_acf_changed":false},"region":[],"product_brand":[],"product_cat":[16],"product_tag":[],"class_list":{"0":"post-6539","1":"product","2":"type-product","3":"status-publish","4":"has-post-thumbnail","6":"product_cat-rohsteine","8":"first","9":"outofstock","10":"sold-individually","11":"product-type-simple"},"acf":[],"_links":{"self":[{"href":"https:\/\/westgem.shop\/fr\/wp-json\/wp\/v2\/product\/6539","targetHints":{"allow":["GET"]}}],"collection":[{"href":"https:\/\/westgem.shop\/fr\/wp-json\/wp\/v2\/product"}],"about":[{"href":"https:\/\/westgem.shop\/fr\/wp-json\/wp\/v2\/types\/product"}],"wp:featuredmedia":[{"embeddable":true,"href":"https:\/\/westgem.shop\/fr\/wp-json\/wp\/v2\/media\/6540"}],"wp:attachment":[{"href":"https:\/\/westgem.shop\/fr\/wp-json\/wp\/v2\/media?parent=6539"}],"wp:term":[{"taxonomy":"region","embeddable":true,"href":"https:\/\/westgem.shop\/fr\/wp-json\/wp\/v2\/region?post=6539"},{"taxonomy":"product_brand","embeddable":true,"href":"https:\/\/westgem.shop\/fr\/wp-json\/wp\/v2\/product_brand?post=6539"},{"taxonomy":"product_cat","embeddable":true,"href":"https:\/\/westgem.shop\/fr\/wp-json\/wp\/v2\/product_cat?post=6539"},{"taxonomy":"product_tag","embeddable":true,"href":"https:\/\/westgem.shop\/fr\/wp-json\/wp\/v2\/product_tag?post=6539"}],"curies":[{"name":"wp","href":"https:\/\/api.w.org\/{rel}","templated":true}]}}