{"id":654,"date":"2000-04-01T00:00:00","date_gmt":"2000-04-01T00:00:00","guid":{"rendered":"https:\/\/miners.rocks\/product\/145\/"},"modified":"2020-05-19T16:55:53","modified_gmt":"2020-05-19T16:55:53","slug":"wulfenit-xx-localisation-du-type","status":"publish","type":"product","link":"https:\/\/westgem.shop\/fr\/produit\/wulfenit-xx-localisation-du-type\/","title":{"rendered":"WULFENIT xx - Localit\u00e9 type"},"content":{"rendered":"<p>TOPRARIT\u00c9 !<\/p>\n<p>Bleiberg est la TYPLOCALIT\u00c9 de WULFENIT . Ces pi\u00e8ces proviennent d'une ancienne collection d'un ing\u00e9nieur minier qui a travaill\u00e9 pendant de longues ann\u00e9es dans cette mine unique en son genre.Des niveaux comparables ne peuvent pratiquement plus \u00eatre achet\u00e9s que chez des commer\u00e7ants renomm\u00e9s aux Etats-Unis, mais pas \u00e0 moins de 1.000 dollars !<\/p>\n<p>Lieu de d\u00e9couverte : Mines souterraines de BLEIBERG\/KREUTH - Mine Stefanie .<\/p>\n<p>Poids :726 grammes (o,72 kg)<\/p>\n<p>Dim : 15 x 9 x 7 cm <\/p>","protected":false},"excerpt":{"rendered":"<p>TOPRARIT\u00c9 ! Bleiberg est la TYPLOCALIT\u00c9 de WULFENIT . Ces pi\u00e8ces proviennent d'une ancienne collection d'un ing\u00e9nieur minier qui a travaill\u00e9 pendant de longues ann\u00e9es dans cette mine unique en son genre. Des niveaux comparables ne peuvent pratiquement plus \u00eatre achet\u00e9s que chez des commer\u00e7ants renomm\u00e9s aux Etats-Unis, mais pas \u00e0 moins de 1.000 dollars ! Lieu de d\u00e9couverte : Mine souterraine de BLEIBERG\/KREUTH - mine Stefanie . Poids :726 [...]<\/p>","protected":false},"featured_media":655,"template":"","meta":{"_acf_changed":false},"region":[],"product_brand":[],"product_cat":[15],"product_tag":[],"class_list":{"0":"post-654","1":"product","2":"type-product","3":"status-publish","4":"has-post-thumbnail","6":"product_cat-mineralien","8":"first","9":"outofstock","10":"sold-individually","11":"product-type-simple"},"acf":[],"_links":{"self":[{"href":"https:\/\/westgem.shop\/fr\/wp-json\/wp\/v2\/product\/654","targetHints":{"allow":["GET"]}}],"collection":[{"href":"https:\/\/westgem.shop\/fr\/wp-json\/wp\/v2\/product"}],"about":[{"href":"https:\/\/westgem.shop\/fr\/wp-json\/wp\/v2\/types\/product"}],"wp:featuredmedia":[{"embeddable":true,"href":"https:\/\/westgem.shop\/fr\/wp-json\/wp\/v2\/media\/655"}],"wp:attachment":[{"href":"https:\/\/westgem.shop\/fr\/wp-json\/wp\/v2\/media?parent=654"}],"wp:term":[{"taxonomy":"region","embeddable":true,"href":"https:\/\/westgem.shop\/fr\/wp-json\/wp\/v2\/region?post=654"},{"taxonomy":"product_brand","embeddable":true,"href":"https:\/\/westgem.shop\/fr\/wp-json\/wp\/v2\/product_brand?post=654"},{"taxonomy":"product_cat","embeddable":true,"href":"https:\/\/westgem.shop\/fr\/wp-json\/wp\/v2\/product_cat?post=654"},{"taxonomy":"product_tag","embeddable":true,"href":"https:\/\/westgem.shop\/fr\/wp-json\/wp\/v2\/product_tag?post=654"}],"curies":[{"name":"wp","href":"https:\/\/api.w.org\/{rel}","templated":true}]}}