{"id":6543,"date":"2003-04-04T00:00:00","date_gmt":"2003-04-04T00:00:00","guid":{"rendered":"https:\/\/miners.rocks\/product\/araukarie-versteinert-arizona\/"},"modified":"2020-05-19T17:06:40","modified_gmt":"2020-05-19T17:06:40","slug":"araucaria-petrifie-arizona","status":"publish","type":"product","link":"https:\/\/westgem.shop\/fr\/produit\/araucaria-petrifie-arizona\/","title":{"rendered":"Araucaria p\u00e9trifi\u00e9 - Arizona"},"content":{"rendered":"<p>\n\tMorceau de bois p\u00e9trifi\u00e9 de premi\u00e8re qualit\u00e9 provenant de la c\u00e9l\u00e8bre for\u00eat p\u00e9trifi\u00e9e d'Arizona.<\/p>\n<p>\n\tAujourd'hui, la r\u00e9gion est devenue un parc national et les gardes forestiers veillent \u00e0 ce que les millions de visiteurs n'en emportent pas le moindre morceau.<\/p>\n<p>\n\tCette pi\u00e8ce provient d'un lot des ann\u00e9es 1960, elle est donc l\u00e9gale.<\/p>\n<p>\n\tDe superbes couleurs avec un morceau d'\u00e9corce.<\/p>\n<p>\n\tBois d'araucarias, vieux de plus de 200 millions d'ann\u00e9es.<\/p>\n<p>\n\tPetrified Forest - Holbrook - Arizona USA<\/p>\n<p>\n\tDimensions : 8 x 7 x 5 cm Poids : 300 g<\/p>","protected":false},"excerpt":{"rendered":"<p>Un morceau de bois p\u00e9trifi\u00e9 de premi\u00e8re qualit\u00e9 provenant de la c\u00e9l\u00e8bre for\u00eat p\u00e9trifi\u00e9e de l'Arizona. Aujourd'hui, la r\u00e9gion est devenue un parc national et les gardes forestiers veillent \u00e0 ce que les millions de visiteurs n'emportent pas le plus petit morceau. Ce morceau provient d'un lot des ann\u00e9es 1960, il est donc l\u00e9gal. De superbes couleurs avec un morceau d'\u00e9corce. Bois d'araucaria, sur [...]<\/p>","protected":false},"featured_media":6544,"template":"","meta":{"_acf_changed":false},"region":[61],"product_brand":[],"product_cat":[17],"product_tag":[],"class_list":{"0":"post-6543","1":"product","2":"type-product","3":"status-publish","4":"has-post-thumbnail","6":"region-nordamerika","7":"product_cat-fosilien","9":"first","10":"outofstock","11":"sold-individually","12":"product-type-simple"},"acf":[],"_links":{"self":[{"href":"https:\/\/westgem.shop\/fr\/wp-json\/wp\/v2\/product\/6543","targetHints":{"allow":["GET"]}}],"collection":[{"href":"https:\/\/westgem.shop\/fr\/wp-json\/wp\/v2\/product"}],"about":[{"href":"https:\/\/westgem.shop\/fr\/wp-json\/wp\/v2\/types\/product"}],"wp:featuredmedia":[{"embeddable":true,"href":"https:\/\/westgem.shop\/fr\/wp-json\/wp\/v2\/media\/6544"}],"wp:attachment":[{"href":"https:\/\/westgem.shop\/fr\/wp-json\/wp\/v2\/media?parent=6543"}],"wp:term":[{"taxonomy":"region","embeddable":true,"href":"https:\/\/westgem.shop\/fr\/wp-json\/wp\/v2\/region?post=6543"},{"taxonomy":"product_brand","embeddable":true,"href":"https:\/\/westgem.shop\/fr\/wp-json\/wp\/v2\/product_brand?post=6543"},{"taxonomy":"product_cat","embeddable":true,"href":"https:\/\/westgem.shop\/fr\/wp-json\/wp\/v2\/product_cat?post=6543"},{"taxonomy":"product_tag","embeddable":true,"href":"https:\/\/westgem.shop\/fr\/wp-json\/wp\/v2\/product_tag?post=6543"}],"curies":[{"name":"wp","href":"https:\/\/api.w.org\/{rel}","templated":true}]}}