{"id":6546,"date":"2003-04-05T00:00:00","date_gmt":"2003-04-05T00:00:00","guid":{"rendered":"https:\/\/miners.rocks\/product\/moosachat-6\/"},"modified":"2021-09-05T15:27:33","modified_gmt":"2021-09-05T15:27:33","slug":"agate-de-mousse-6","status":"publish","type":"product","link":"https:\/\/westgem.shop\/fr\/produit\/agate-de-mousse-6\/","title":{"rendered":"MOOSACHAT"},"content":{"rendered":"<p>\n\tTr\u00e8s d\u00e9corative, belle pierre brute MOOSACHAT, cristaux de quartz monocristallins dans de petites cavit\u00e9s.<\/p>\n<p>\n\tLe nom ...ACHAT est erron\u00e9 du point de vue min\u00e9ralogique. Les ACHATS ont une structure en couches.<\/p>\n<p>\n\tCette vari\u00e9t\u00e9 de quartz a \u00e9t\u00e9 form\u00e9e \u00e0 partir de roches volcaniques. Quartz blanc laiteux avec des filaments de chlorite verte ressemblant \u00e0 de la mousse, mais il existe aussi des structures de mousse rouge\u00e2tres provoqu\u00e9es par l'oxyde de fer.<\/p>\n<p>\n\tLe lieu de la d\u00e9couverte est Kathiawar - Inde<\/p>\n<p>\n\tDimensions : 20 x 12 x 9 cm Poids : 2,3 kilogrammes<\/p>","protected":false},"excerpt":{"rendered":"<p>Tr\u00e8s d\u00e9corative, belle pierre brute MOOSACHAT, cristaux de quartz monocristallins dans de petites cavit\u00e9s. Le nom ...ACHAT est faux du point de vue min\u00e9ralogique. Les ACHATS ont une structure en couches. Cette vari\u00e9t\u00e9 de quartz a \u00e9t\u00e9 form\u00e9e \u00e0 partir de roches volcaniques. Quartz blanc laiteux avec des filaments de chlorite verte ressemblant \u00e0 de la mousse, mais il existe aussi des structures de mousse rouge\u00e2tres provoqu\u00e9es par l'oxyde de fer. On le trouve \u00e0 Kathiawar - [...].<\/p>","protected":false},"featured_media":6547,"template":"","meta":{"_acf_changed":false},"region":[],"product_brand":[],"product_cat":[16],"product_tag":[],"class_list":{"0":"post-6546","1":"product","2":"type-product","3":"status-publish","4":"has-post-thumbnail","6":"product_cat-rohsteine","8":"first","9":"outofstock","10":"sold-individually","11":"product-type-simple"},"acf":[],"_links":{"self":[{"href":"https:\/\/westgem.shop\/fr\/wp-json\/wp\/v2\/product\/6546","targetHints":{"allow":["GET"]}}],"collection":[{"href":"https:\/\/westgem.shop\/fr\/wp-json\/wp\/v2\/product"}],"about":[{"href":"https:\/\/westgem.shop\/fr\/wp-json\/wp\/v2\/types\/product"}],"wp:featuredmedia":[{"embeddable":true,"href":"https:\/\/westgem.shop\/fr\/wp-json\/wp\/v2\/media\/6547"}],"wp:attachment":[{"href":"https:\/\/westgem.shop\/fr\/wp-json\/wp\/v2\/media?parent=6546"}],"wp:term":[{"taxonomy":"region","embeddable":true,"href":"https:\/\/westgem.shop\/fr\/wp-json\/wp\/v2\/region?post=6546"},{"taxonomy":"product_brand","embeddable":true,"href":"https:\/\/westgem.shop\/fr\/wp-json\/wp\/v2\/product_brand?post=6546"},{"taxonomy":"product_cat","embeddable":true,"href":"https:\/\/westgem.shop\/fr\/wp-json\/wp\/v2\/product_cat?post=6546"},{"taxonomy":"product_tag","embeddable":true,"href":"https:\/\/westgem.shop\/fr\/wp-json\/wp\/v2\/product_tag?post=6546"}],"curies":[{"name":"wp","href":"https:\/\/api.w.org\/{rel}","templated":true}]}}