{"id":6551,"date":"2003-04-06T00:00:00","date_gmt":"2003-04-06T00:00:00","guid":{"rendered":"https:\/\/miners.rocks\/product\/rotbrauner-bandjaspis\/"},"modified":"2021-09-05T15:27:33","modified_gmt":"2021-09-05T15:27:33","slug":"jaspe-rubane-rouge-brun","status":"publish","type":"product","link":"https:\/\/westgem.shop\/fr\/produit\/jaspe-rubane-rouge-brun\/","title":{"rendered":"BANDJASPIS brun-rouge"},"content":{"rendered":"<p>\n\tVari\u00e9t\u00e9 de quartz brun rouge\u00e2tre avec des structures int\u00e9ressantes en forme de bande.<\/p>\n<p>\n\tJASPILIT<\/p>\n<p>\n\tFer Calamine, h\u00e9matite, quartz \u00e0 grain fin, calc\u00e9doine (jaspe)<\/p>\n<p>\n\t\u00c2ge : 2,3 - 2,5 MILLIARDS d'ann\u00e9es<\/p>\n<p>\n\tPlaque d\u00e9coup\u00e9e sur une face - non polie.<\/p>\n<p>\n\tLe lieu de d\u00e9couverte de la mati\u00e8re premi\u00e8re est la formation du Transvaal Supergroup - Northern Cape - Afrique du Sud.<\/p>\n<p>\n\tDimensions : 15 x 6 x 2 cm Poids : 394 g<\/p>","protected":false},"excerpt":{"rendered":"<p>Vari\u00e9t\u00e9 de quartz brun rouge\u00e2tre avec d'int\u00e9ressantes structures en forme de bande. JASPILITE Fer Calamine, h\u00e9matite, quartz \u00e0 grain fin, calc\u00e9doine (jaspe) \u00c2ge : 2,3 - 2,5 MILLIARDS d'ann\u00e9es Plaque coup\u00e9e sur une face - non polie. La mati\u00e8re premi\u00e8re a \u00e9t\u00e9 trouv\u00e9e dans la formation du Transvaal Supergroup - Northern Cape - Afrique du Sud. Dimensions : 15 x 6 x 2 cm Poids : 394 g<\/p>","protected":false},"featured_media":6552,"template":"","meta":{"_acf_changed":false},"region":[],"product_brand":[],"product_cat":[16],"product_tag":[],"class_list":{"0":"post-6551","1":"product","2":"type-product","3":"status-publish","4":"has-post-thumbnail","6":"product_cat-rohsteine","8":"first","9":"outofstock","10":"sold-individually","11":"product-type-simple"},"acf":[],"_links":{"self":[{"href":"https:\/\/westgem.shop\/fr\/wp-json\/wp\/v2\/product\/6551","targetHints":{"allow":["GET"]}}],"collection":[{"href":"https:\/\/westgem.shop\/fr\/wp-json\/wp\/v2\/product"}],"about":[{"href":"https:\/\/westgem.shop\/fr\/wp-json\/wp\/v2\/types\/product"}],"wp:featuredmedia":[{"embeddable":true,"href":"https:\/\/westgem.shop\/fr\/wp-json\/wp\/v2\/media\/6552"}],"wp:attachment":[{"href":"https:\/\/westgem.shop\/fr\/wp-json\/wp\/v2\/media?parent=6551"}],"wp:term":[{"taxonomy":"region","embeddable":true,"href":"https:\/\/westgem.shop\/fr\/wp-json\/wp\/v2\/region?post=6551"},{"taxonomy":"product_brand","embeddable":true,"href":"https:\/\/westgem.shop\/fr\/wp-json\/wp\/v2\/product_brand?post=6551"},{"taxonomy":"product_cat","embeddable":true,"href":"https:\/\/westgem.shop\/fr\/wp-json\/wp\/v2\/product_cat?post=6551"},{"taxonomy":"product_tag","embeddable":true,"href":"https:\/\/westgem.shop\/fr\/wp-json\/wp\/v2\/product_tag?post=6551"}],"curies":[{"name":"wp","href":"https:\/\/api.w.org\/{rel}","templated":true}]}}