{"id":6555,"date":"2003-04-07T00:00:00","date_gmt":"2003-04-07T00:00:00","guid":{"rendered":"https:\/\/miners.rocks\/product\/unakit\/"},"modified":"2021-09-05T15:27:34","modified_gmt":"2021-09-05T15:27:34","slug":"unakit","status":"publish","type":"product","link":"https:\/\/westgem.shop\/fr\/produit\/unakit\/","title":{"rendered":"UNAKIT"},"content":{"rendered":"<p>\n\tPierre brute UNAKIT.<\/p>\n<p>\n\tL'UNAKIT est un m\u00e9lange de min\u00e9raux form\u00e9 de mani\u00e8re hydrothermale et compos\u00e9 d'EPIDOT, de FELDSPAT rouge et de quartz.<\/p>\n<p>\n\tLocalit\u00e9 type : les montagnes Unakas en Caroline du Nord - USA<\/p>\n<p>\n\tCette belle pi\u00e8ce brute provient toutefois d'Afrique du Sud.<\/p>\n<p>\n\tDimensions : 12 x 11 x 7 cm Poids : 1,4 kilogramme<\/p>\n<p>\n\tPhotographi\u00e9 mouill\u00e9.<\/p>","protected":false},"excerpt":{"rendered":"<p>Pierre brute UNAKIT. L'UNAKIT est un m\u00e9lange min\u00e9ral hydrothermal compos\u00e9 d'EPIDOT, de FELDSPAT rouge et de quartz. La localisation type est les Unakas Mountains en Caroline du Nord - USA Cette belle pi\u00e8ce brute provient toutefois d'Afrique du Sud. Dimensions : 12 x 11 x 7 cm Poids : 1,4 kilogramme Photographi\u00e9 humide.<\/p>","protected":false},"featured_media":6556,"template":"","meta":{"_acf_changed":false},"region":[],"product_brand":[],"product_cat":[16],"product_tag":[],"class_list":{"0":"post-6555","1":"product","2":"type-product","3":"status-publish","4":"has-post-thumbnail","6":"product_cat-rohsteine","8":"first","9":"outofstock","10":"sold-individually","11":"product-type-simple"},"acf":[],"_links":{"self":[{"href":"https:\/\/westgem.shop\/fr\/wp-json\/wp\/v2\/product\/6555","targetHints":{"allow":["GET"]}}],"collection":[{"href":"https:\/\/westgem.shop\/fr\/wp-json\/wp\/v2\/product"}],"about":[{"href":"https:\/\/westgem.shop\/fr\/wp-json\/wp\/v2\/types\/product"}],"wp:featuredmedia":[{"embeddable":true,"href":"https:\/\/westgem.shop\/fr\/wp-json\/wp\/v2\/media\/6556"}],"wp:attachment":[{"href":"https:\/\/westgem.shop\/fr\/wp-json\/wp\/v2\/media?parent=6555"}],"wp:term":[{"taxonomy":"region","embeddable":true,"href":"https:\/\/westgem.shop\/fr\/wp-json\/wp\/v2\/region?post=6555"},{"taxonomy":"product_brand","embeddable":true,"href":"https:\/\/westgem.shop\/fr\/wp-json\/wp\/v2\/product_brand?post=6555"},{"taxonomy":"product_cat","embeddable":true,"href":"https:\/\/westgem.shop\/fr\/wp-json\/wp\/v2\/product_cat?post=6555"},{"taxonomy":"product_tag","embeddable":true,"href":"https:\/\/westgem.shop\/fr\/wp-json\/wp\/v2\/product_tag?post=6555"}],"curies":[{"name":"wp","href":"https:\/\/api.w.org\/{rel}","templated":true}]}}