{"id":6559,"date":"2003-04-08T00:00:00","date_gmt":"2003-04-08T00:00:00","guid":{"rendered":"https:\/\/miners.rocks\/product\/achat-jaspis\/"},"modified":"2021-09-05T15:27:41","modified_gmt":"2021-09-05T15:27:41","slug":"achat-jaspis","status":"publish","type":"product","link":"https:\/\/westgem.shop\/fr\/produit\/achat-jaspis\/","title":{"rendered":"ACHAT Jaspe"},"content":{"rendered":"<p>\n\tBelle pierre brute de la vari\u00e9t\u00e9 de jaspe ACHATJASPIS ou JASPACHAT.<\/p>\n<p>\n\tLe nom \"jaspe Hildegard\" est utilis\u00e9 par l'\u00e9sot\u00e9risme, car la c\u00e9l\u00e8bre Hildegard von Bingen aurait mentionn\u00e9 ce type de jaspe dans ses \u00e9crits. Ce jaspe sp\u00e9cial a \u00e9t\u00e9 et est encore trouv\u00e9 aujourd'hui dans ces r\u00e9gions de Rh\u00e9nanie-Palatinat.<\/p>\n<p>\n\tACHATJASPIS est, comme son nom l'indique, un m\u00e9lange min\u00e9ral de jaspe microcristallin et d'ACHAT.<\/p>\n<p>\n\tCette pi\u00e8ce provient de l'ancien site de l'oasis du Tidikelt dans le Sahara - Afrique du Nord.<\/p>\n<p>\n\tDimensions : 9 x 8 x 7 xcm Poids : 420 g<\/p>","protected":false},"excerpt":{"rendered":"<p>Belle pierre brute de la vari\u00e9t\u00e9 de jaspe ACHATJASPIS ou JASPACHAT. Le nom \"jaspe Hildegard\" est utilis\u00e9 par l'\u00e9sot\u00e9risme, car la c\u00e9l\u00e8bre Hildegard von Bingen aurait mentionn\u00e9 cette vari\u00e9t\u00e9 de jaspe dans ses \u00e9crits. Ce jaspe particulier a \u00e9t\u00e9 et est encore trouv\u00e9 aujourd'hui dans ces r\u00e9gions de Rh\u00e9nanie-Palatinat. ACHATJASPIS est, comme son nom l'indique, [...].<\/p>","protected":false},"featured_media":6560,"template":"","meta":{"_acf_changed":false},"region":[],"product_brand":[],"product_cat":[16],"product_tag":[],"class_list":{"0":"post-6559","1":"product","2":"type-product","3":"status-publish","4":"has-post-thumbnail","6":"product_cat-rohsteine","8":"first","9":"outofstock","10":"sold-individually","11":"product-type-simple"},"acf":[],"_links":{"self":[{"href":"https:\/\/westgem.shop\/fr\/wp-json\/wp\/v2\/product\/6559","targetHints":{"allow":["GET"]}}],"collection":[{"href":"https:\/\/westgem.shop\/fr\/wp-json\/wp\/v2\/product"}],"about":[{"href":"https:\/\/westgem.shop\/fr\/wp-json\/wp\/v2\/types\/product"}],"wp:featuredmedia":[{"embeddable":true,"href":"https:\/\/westgem.shop\/fr\/wp-json\/wp\/v2\/media\/6560"}],"wp:attachment":[{"href":"https:\/\/westgem.shop\/fr\/wp-json\/wp\/v2\/media?parent=6559"}],"wp:term":[{"taxonomy":"region","embeddable":true,"href":"https:\/\/westgem.shop\/fr\/wp-json\/wp\/v2\/region?post=6559"},{"taxonomy":"product_brand","embeddable":true,"href":"https:\/\/westgem.shop\/fr\/wp-json\/wp\/v2\/product_brand?post=6559"},{"taxonomy":"product_cat","embeddable":true,"href":"https:\/\/westgem.shop\/fr\/wp-json\/wp\/v2\/product_cat?post=6559"},{"taxonomy":"product_tag","embeddable":true,"href":"https:\/\/westgem.shop\/fr\/wp-json\/wp\/v2\/product_tag?post=6559"}],"curies":[{"name":"wp","href":"https:\/\/api.w.org\/{rel}","templated":true}]}}