{"id":6563,"date":"2003-04-09T00:00:00","date_gmt":"2003-04-09T00:00:00","guid":{"rendered":"https:\/\/miners.rocks\/product\/pyrit-waldenstein\/"},"modified":"2021-09-07T13:41:51","modified_gmt":"2021-09-07T13:41:51","slug":"pyrite-waldenstein","status":"publish","type":"product","link":"https:\/\/westgem.shop\/fr\/produit\/pyrite-waldenstein\/","title":{"rendered":"PYRIT Waldenstein"},"content":{"rendered":"<p>\n\tPYRITE en fer micac\u00e9 noir profond de la mine de Waldenstein - Koralpe EstCarinthie.<\/p>\n<p>\n\tGrosse pi\u00e8ce avec d'innombrables petits PYRITES dor\u00e9s et brillants tout autour dans le LIMITEUR D'H\u00c9MATITE.<\/p>\n<p>\n\tCe minerai de fer est extrait \u00e0 Waldenstein et vendu dans le monde entier comme base pour une peinture antirouille de haute qualit\u00e9.<\/p>\n<p>\n\tDimensions : 23 x 10 x8 cm Poids : 2,7 kilogrammes<\/p>","protected":false},"excerpt":{"rendered":"<p>PYRITE en fer micac\u00e9 noir profond de la mine de Waldenstein - Koralpe EstCarinthie. Grande pi\u00e8ce avec d'innombrables petites PYRITES dor\u00e9es et brillantes tout autour dans le MIROIR DE H\u00c9MATITE- Ce minerai de fer est extrait \u00e0 Waldenstein et vendu dans le monde entier comme base pour une peinture antirouille de haute qualit\u00e9. Dimensions : 23 x 10 x8 cm Poids : 2,7 kilogrammes<\/p>","protected":false},"featured_media":6564,"template":"","meta":{"_acf_changed":false},"region":[59],"product_brand":[],"product_cat":[19],"product_tag":[],"class_list":{"0":"post-6563","1":"product","2":"type-product","3":"status-publish","4":"has-post-thumbnail","6":"region-oesterreich","7":"product_cat-kristallstufen","9":"first","10":"outofstock","11":"sold-individually","12":"product-type-simple"},"acf":[],"_links":{"self":[{"href":"https:\/\/westgem.shop\/fr\/wp-json\/wp\/v2\/product\/6563","targetHints":{"allow":["GET"]}}],"collection":[{"href":"https:\/\/westgem.shop\/fr\/wp-json\/wp\/v2\/product"}],"about":[{"href":"https:\/\/westgem.shop\/fr\/wp-json\/wp\/v2\/types\/product"}],"wp:featuredmedia":[{"embeddable":true,"href":"https:\/\/westgem.shop\/fr\/wp-json\/wp\/v2\/media\/6564"}],"wp:attachment":[{"href":"https:\/\/westgem.shop\/fr\/wp-json\/wp\/v2\/media?parent=6563"}],"wp:term":[{"taxonomy":"region","embeddable":true,"href":"https:\/\/westgem.shop\/fr\/wp-json\/wp\/v2\/region?post=6563"},{"taxonomy":"product_brand","embeddable":true,"href":"https:\/\/westgem.shop\/fr\/wp-json\/wp\/v2\/product_brand?post=6563"},{"taxonomy":"product_cat","embeddable":true,"href":"https:\/\/westgem.shop\/fr\/wp-json\/wp\/v2\/product_cat?post=6563"},{"taxonomy":"product_tag","embeddable":true,"href":"https:\/\/westgem.shop\/fr\/wp-json\/wp\/v2\/product_tag?post=6563"}],"curies":[{"name":"wp","href":"https:\/\/api.w.org\/{rel}","templated":true}]}}