{"id":6568,"date":"2003-04-10T00:00:00","date_gmt":"2003-04-10T00:00:00","guid":{"rendered":"https:\/\/miners.rocks\/product\/edeljaspis\/"},"modified":"2021-09-05T15:27:42","modified_gmt":"2021-09-05T15:27:42","slug":"jaspe-precieux","status":"publish","type":"product","link":"https:\/\/westgem.shop\/fr\/produit\/jaspe-precieux\/","title":{"rendered":"EDELJASPIS"},"content":{"rendered":"<p>\n\tLes pi\u00e8ces aux couleurs et aux textures exceptionnelles sont appel\u00e9es EDELJASPIS.<\/p>\n<p>\n\tDans une tonne de mati\u00e8re premi\u00e8re, nous ne trouvons qu'une poign\u00e9e de ces sp\u00e9cimens.<\/p>\n<p>\n\tDu point de vue min\u00e9ralogique, il s'agit d'ACHATJASPIS. Cette pi\u00e8ce provient encore d'un lot de 2006. Depuis, plus rien n'est apparu de ce site.<\/p>\n<p>\n\tLe lieu de d\u00e9couverte \u00e9tait Tidikelt - Sahara - Alg\u00e9rie centrale - Afrique du Nord.<\/p>\n<p>\n\tDimensions : 14 x 9 x 7 cm Poids : 680 g<\/p>","protected":false},"excerpt":{"rendered":"<p>Les JASPIS EDEL sont des pi\u00e8ces aux couleurs et aux textures exceptionnelles. Dans une tonne de mati\u00e8re premi\u00e8re, on ne trouve qu'une poign\u00e9e de tels sp\u00e9cimens. Du point de vue min\u00e9ralogique, il s'agit d'ACHATJASPIS. Cette pi\u00e8ce provient d'un lot de 2006, mais depuis, plus rien n'est apparu sur ce site. Le lieu de d\u00e9couverte \u00e9tait Tidikelt - Sahara - Alg\u00e9rie centrale - Afrique du Nord. [...]<\/p>","protected":false},"featured_media":6569,"template":"","meta":{"_acf_changed":false},"region":[],"product_brand":[],"product_cat":[16],"product_tag":[],"class_list":{"0":"post-6568","1":"product","2":"type-product","3":"status-publish","4":"has-post-thumbnail","6":"product_cat-rohsteine","8":"first","9":"outofstock","10":"sold-individually","11":"product-type-simple"},"acf":[],"_links":{"self":[{"href":"https:\/\/westgem.shop\/fr\/wp-json\/wp\/v2\/product\/6568","targetHints":{"allow":["GET"]}}],"collection":[{"href":"https:\/\/westgem.shop\/fr\/wp-json\/wp\/v2\/product"}],"about":[{"href":"https:\/\/westgem.shop\/fr\/wp-json\/wp\/v2\/types\/product"}],"wp:featuredmedia":[{"embeddable":true,"href":"https:\/\/westgem.shop\/fr\/wp-json\/wp\/v2\/media\/6569"}],"wp:attachment":[{"href":"https:\/\/westgem.shop\/fr\/wp-json\/wp\/v2\/media?parent=6568"}],"wp:term":[{"taxonomy":"region","embeddable":true,"href":"https:\/\/westgem.shop\/fr\/wp-json\/wp\/v2\/region?post=6568"},{"taxonomy":"product_brand","embeddable":true,"href":"https:\/\/westgem.shop\/fr\/wp-json\/wp\/v2\/product_brand?post=6568"},{"taxonomy":"product_cat","embeddable":true,"href":"https:\/\/westgem.shop\/fr\/wp-json\/wp\/v2\/product_cat?post=6568"},{"taxonomy":"product_tag","embeddable":true,"href":"https:\/\/westgem.shop\/fr\/wp-json\/wp\/v2\/product_tag?post=6568"}],"curies":[{"name":"wp","href":"https:\/\/api.w.org\/{rel}","templated":true}]}}