{"id":657,"date":"2000-04-02T00:00:00","date_gmt":"2000-04-02T00:00:00","guid":{"rendered":"https:\/\/miners.rocks\/product\/146\/"},"modified":"2020-05-19T16:55:53","modified_gmt":"2020-05-19T16:55:53","slug":"topraritaet-wulfenit-verte-xx","status":"publish","type":"product","link":"https:\/\/westgem.shop\/fr\/produit\/topraritaet-wulfenit-verte-xx\/","title":{"rendered":"TOPRARIT\u00c9 !  - WULFENIT vert xx"},"content":{"rendered":"<p>Bleiberg est la TYPLOCALIT\u00c9 pour la wulf\u00e9nite.<\/p>\n<p>Les WULFENITE VERTS \u00e9taient une raret\u00e9, m\u00eame \u00e0 BLEIBERG !<\/p>\n<p>Le min\u00e9ral WULFENIT (GELBLEIERZ) a \u00e9t\u00e9 d\u00e9crit pour la premi\u00e8re fois par le naturaliste PATER Franz Xaver Freiherr von WULFEN en 1785 sous le nom de \"Bleyspat\".<\/p>\n<p>le poids de la marche est de 1,1 kg<\/p>\n<p>Dimmension : 17 x 12 x 7 cm<\/p>","protected":false},"excerpt":{"rendered":"<p>Bleiberg est la TYPLOCALIT\u00c9 de la wulf\u00e9nite. La WULFENITE verte \u00e9tait une raret\u00e9, m\u00eame \u00e0 BLEIBERG ! Le min\u00e9ral WULFENIT (GELBBLEIERZ) a \u00e9t\u00e9 d\u00e9crit pour la premi\u00e8re fois par le naturaliste PATER Franz Xaver Freiherr von WULFEN en 1785 sous le nom de \"Bleyspat\". Le poids de la marche est de 1,1 kg Dimmension : 17 x 12 x 7 cm<\/p>","protected":false},"featured_media":658,"template":"","meta":{"_acf_changed":false},"region":[],"product_brand":[],"product_cat":[15],"product_tag":[],"class_list":{"0":"post-657","1":"product","2":"type-product","3":"status-publish","4":"has-post-thumbnail","6":"product_cat-mineralien","8":"first","9":"outofstock","10":"sold-individually","11":"product-type-simple"},"acf":[],"_links":{"self":[{"href":"https:\/\/westgem.shop\/fr\/wp-json\/wp\/v2\/product\/657","targetHints":{"allow":["GET"]}}],"collection":[{"href":"https:\/\/westgem.shop\/fr\/wp-json\/wp\/v2\/product"}],"about":[{"href":"https:\/\/westgem.shop\/fr\/wp-json\/wp\/v2\/types\/product"}],"wp:featuredmedia":[{"embeddable":true,"href":"https:\/\/westgem.shop\/fr\/wp-json\/wp\/v2\/media\/658"}],"wp:attachment":[{"href":"https:\/\/westgem.shop\/fr\/wp-json\/wp\/v2\/media?parent=657"}],"wp:term":[{"taxonomy":"region","embeddable":true,"href":"https:\/\/westgem.shop\/fr\/wp-json\/wp\/v2\/region?post=657"},{"taxonomy":"product_brand","embeddable":true,"href":"https:\/\/westgem.shop\/fr\/wp-json\/wp\/v2\/product_brand?post=657"},{"taxonomy":"product_cat","embeddable":true,"href":"https:\/\/westgem.shop\/fr\/wp-json\/wp\/v2\/product_cat?post=657"},{"taxonomy":"product_tag","embeddable":true,"href":"https:\/\/westgem.shop\/fr\/wp-json\/wp\/v2\/product_tag?post=657"}],"curies":[{"name":"wp","href":"https:\/\/api.w.org\/{rel}","templated":true}]}}