{"id":6572,"date":"2003-04-11T00:00:00","date_gmt":"2003-04-11T00:00:00","guid":{"rendered":"https:\/\/miners.rocks\/product\/bergkristall-xx-pyrit\/"},"modified":"2020-05-19T17:06:44","modified_gmt":"2020-05-19T17:06:44","slug":"cristal-de-roche-xx-pyrite","status":"publish","type":"product","link":"https:\/\/westgem.shop\/fr\/produit\/cristal-de-roche-xx-pyrite\/","title":{"rendered":"CRISTAL DE MONTAGNE xx PYRITE"},"content":{"rendered":"<p>\n\tCRISTAL DE MONTAGNE xx et PYRITE xx<\/p>\n<p>\n\tPetite marche manuelle de la r\u00e9gion d'Ancash - Andes - Am\u00e9rique du Sud<\/p>\n<p>\n\tDimensions : 8 x 8 x 4 cm Poids : 370 g<\/p>\n<p>\n\tLa derni\u00e8re image montre l'arri\u00e8re de la marche.<\/p>","protected":false},"excerpt":{"rendered":"<p>CRISTAL DE MONTAGNE xx et PYRITE xx Petite marche manuelle de la r\u00e9gion d'Ancash - Andes - Am\u00e9rique du Sud Dimensions : 8 x 8 x 4 cm Poids : 370 g La derni\u00e8re photo montre le dos de la marche.<\/p>","protected":false},"featured_media":6573,"template":"","meta":{"_acf_changed":false},"region":[],"product_brand":[],"product_cat":[19],"product_tag":[],"class_list":{"0":"post-6572","1":"product","2":"type-product","3":"status-publish","4":"has-post-thumbnail","6":"product_cat-kristallstufen","8":"first","9":"outofstock","10":"sold-individually","11":"product-type-simple"},"acf":[],"_links":{"self":[{"href":"https:\/\/westgem.shop\/fr\/wp-json\/wp\/v2\/product\/6572","targetHints":{"allow":["GET"]}}],"collection":[{"href":"https:\/\/westgem.shop\/fr\/wp-json\/wp\/v2\/product"}],"about":[{"href":"https:\/\/westgem.shop\/fr\/wp-json\/wp\/v2\/types\/product"}],"wp:featuredmedia":[{"embeddable":true,"href":"https:\/\/westgem.shop\/fr\/wp-json\/wp\/v2\/media\/6573"}],"wp:attachment":[{"href":"https:\/\/westgem.shop\/fr\/wp-json\/wp\/v2\/media?parent=6572"}],"wp:term":[{"taxonomy":"region","embeddable":true,"href":"https:\/\/westgem.shop\/fr\/wp-json\/wp\/v2\/region?post=6572"},{"taxonomy":"product_brand","embeddable":true,"href":"https:\/\/westgem.shop\/fr\/wp-json\/wp\/v2\/product_brand?post=6572"},{"taxonomy":"product_cat","embeddable":true,"href":"https:\/\/westgem.shop\/fr\/wp-json\/wp\/v2\/product_cat?post=6572"},{"taxonomy":"product_tag","embeddable":true,"href":"https:\/\/westgem.shop\/fr\/wp-json\/wp\/v2\/product_tag?post=6572"}],"curies":[{"name":"wp","href":"https:\/\/api.w.org\/{rel}","templated":true}]}}