{"id":6577,"date":"2003-04-12T00:00:00","date_gmt":"2003-04-12T00:00:00","guid":{"rendered":"https:\/\/miners.rocks\/product\/moosachat-7\/"},"modified":"2021-09-05T15:27:43","modified_gmt":"2021-09-05T15:27:43","slug":"agate-de-mousse-7","status":"publish","type":"product","link":"https:\/\/westgem.shop\/fr\/produit\/agate-de-mousse-7\/","title":{"rendered":"MOOSACHAT"},"content":{"rendered":"<p>\n\tGrande pierre brute MOOSACHAT.<\/p>\n<p>\n\tMOOSACHAT n'est \u00e9videmment PAS de l'ACHAT, (certains noms commerciaux naturalis\u00e9s pour les min\u00e9raux sont souvent difficiles \u00e0 expliquer), mais un quartz granuleux blanc laiteux provenant de roches volcaniques.<\/p>\n<p>\n\tLes structures filamentaires vertes sont de la CHLORITE.<\/p>\n<p>\n\tlocalisation de la trouvaille : Kathiawar - Inde<\/p>\n<p>\n\tDimensions : 16 x 12 x 12 cm Poids : 2,2 kilogrammes<\/p>","protected":false},"excerpt":{"rendered":"<p>Grande pierre brute MOOSACHAT. MOOSACHAT n'est \u00e9videmment PAS de l'ACHAT, (certains noms commerciaux naturalis\u00e9s pour les min\u00e9raux sont souvent difficiles \u00e0 expliquer), mais un quartz granuleux blanc laiteux provenant de roches volcaniques. Les structures filamentaires vertes sont de la CHLORITE. Lieu de d\u00e9couverte : Kathiawar - Inde Dimensions : 16 x 12 x 12 cm Poids : 2,2 kilogrammes<\/p>","protected":false},"featured_media":6578,"template":"","meta":{"_acf_changed":false},"region":[],"product_brand":[],"product_cat":[16],"product_tag":[],"class_list":{"0":"post-6577","1":"product","2":"type-product","3":"status-publish","4":"has-post-thumbnail","6":"product_cat-rohsteine","8":"first","9":"outofstock","10":"sold-individually","11":"product-type-simple"},"acf":[],"_links":{"self":[{"href":"https:\/\/westgem.shop\/fr\/wp-json\/wp\/v2\/product\/6577","targetHints":{"allow":["GET"]}}],"collection":[{"href":"https:\/\/westgem.shop\/fr\/wp-json\/wp\/v2\/product"}],"about":[{"href":"https:\/\/westgem.shop\/fr\/wp-json\/wp\/v2\/types\/product"}],"wp:featuredmedia":[{"embeddable":true,"href":"https:\/\/westgem.shop\/fr\/wp-json\/wp\/v2\/media\/6578"}],"wp:attachment":[{"href":"https:\/\/westgem.shop\/fr\/wp-json\/wp\/v2\/media?parent=6577"}],"wp:term":[{"taxonomy":"region","embeddable":true,"href":"https:\/\/westgem.shop\/fr\/wp-json\/wp\/v2\/region?post=6577"},{"taxonomy":"product_brand","embeddable":true,"href":"https:\/\/westgem.shop\/fr\/wp-json\/wp\/v2\/product_brand?post=6577"},{"taxonomy":"product_cat","embeddable":true,"href":"https:\/\/westgem.shop\/fr\/wp-json\/wp\/v2\/product_cat?post=6577"},{"taxonomy":"product_tag","embeddable":true,"href":"https:\/\/westgem.shop\/fr\/wp-json\/wp\/v2\/product_tag?post=6577"}],"curies":[{"name":"wp","href":"https:\/\/api.w.org\/{rel}","templated":true}]}}