{"id":6581,"date":"2003-04-13T00:00:00","date_gmt":"2003-04-13T00:00:00","guid":{"rendered":"https:\/\/miners.rocks\/product\/achatjaspis-2\/"},"modified":"2021-09-05T15:27:43","modified_gmt":"2021-09-05T15:27:43","slug":"jaspe-dachat-2","status":"publish","type":"product","link":"https:\/\/westgem.shop\/fr\/produit\/jaspe-dachat-2\/","title":{"rendered":"ACHATJASPIS"},"content":{"rendered":"<p>\n\tACHATJASPIS d\u00e9coratif, pierre brute.<\/p>\n<p>\n\tJaspe microcristallin de couleur marron - jaune avec des parties de chlorite verte et des cavit\u00e9s remplies de quartz blanc, de petits ACHATS et de petits cristaux de quartz.<\/p>\n<p>\n\tCette vari\u00e9t\u00e9 de jaspe est \u00e9galement appel\u00e9e \"jaspe Hildegard\".<\/p>\n<p>\n\tLe site de la d\u00e9couverte \u00e9tait en 2006 l'oasis de Tidikelt dans le Sahara en Tunisie centrale - Afrique du Nord.<\/p>\n<p>\n\tDimensions : 16 x 12 x 12 cm Poids : 1,8 kilogramme<\/p>\n<p>\n\tPhotographi\u00e9 humide<\/p>","protected":false},"excerpt":{"rendered":"<p>ACHATJASPIS d\u00e9coratif, pierre brute. Jaspe microcristallin de couleur jaune-brun avec des parties de chlorite verte et des cavit\u00e9s remplies de quartz blanc, de petits ACHATS et de petits cristaux de quartz. Cette vari\u00e9t\u00e9 de jaspe est aussi appel\u00e9e \"jaspe d'Hildegarde\". Elle a \u00e9t\u00e9 trouv\u00e9e en 2006 dans l'oasis du Tidikelt, dans le Sahara, au centre de la Tunisie - Afrique du Nord Dimensions : 16 x 12 x 12 cm Poids : 1,8 kilogramme [...].<\/p>","protected":false},"featured_media":6582,"template":"","meta":{"_acf_changed":false},"region":[],"product_brand":[],"product_cat":[16],"product_tag":[],"class_list":{"0":"post-6581","1":"product","2":"type-product","3":"status-publish","4":"has-post-thumbnail","6":"product_cat-rohsteine","8":"first","9":"outofstock","10":"sold-individually","11":"product-type-simple"},"acf":[],"_links":{"self":[{"href":"https:\/\/westgem.shop\/fr\/wp-json\/wp\/v2\/product\/6581","targetHints":{"allow":["GET"]}}],"collection":[{"href":"https:\/\/westgem.shop\/fr\/wp-json\/wp\/v2\/product"}],"about":[{"href":"https:\/\/westgem.shop\/fr\/wp-json\/wp\/v2\/types\/product"}],"wp:featuredmedia":[{"embeddable":true,"href":"https:\/\/westgem.shop\/fr\/wp-json\/wp\/v2\/media\/6582"}],"wp:attachment":[{"href":"https:\/\/westgem.shop\/fr\/wp-json\/wp\/v2\/media?parent=6581"}],"wp:term":[{"taxonomy":"region","embeddable":true,"href":"https:\/\/westgem.shop\/fr\/wp-json\/wp\/v2\/region?post=6581"},{"taxonomy":"product_brand","embeddable":true,"href":"https:\/\/westgem.shop\/fr\/wp-json\/wp\/v2\/product_brand?post=6581"},{"taxonomy":"product_cat","embeddable":true,"href":"https:\/\/westgem.shop\/fr\/wp-json\/wp\/v2\/product_cat?post=6581"},{"taxonomy":"product_tag","embeddable":true,"href":"https:\/\/westgem.shop\/fr\/wp-json\/wp\/v2\/product_tag?post=6581"}],"curies":[{"name":"wp","href":"https:\/\/api.w.org\/{rel}","templated":true}]}}