{"id":6585,"date":"2003-04-14T00:00:00","date_gmt":"2003-04-14T00:00:00","guid":{"rendered":"https:\/\/miners.rocks\/product\/bergkristall-xx-calcit-xx\/"},"modified":"2020-05-19T17:06:46","modified_gmt":"2020-05-19T17:06:46","slug":"cristal-de-roche-xx-calcite-xx","status":"publish","type":"product","link":"https:\/\/westgem.shop\/fr\/produit\/cristal-de-roche-xx-calcite-xx\/","title":{"rendered":"CRISTAL DE MONTAGNE xx CALCITE xx"},"content":{"rendered":"<p>\n\tMarche en cristal tr\u00e8s attractive<\/p>\n<p>\n\tBeaucoup de CRISTALES DE MONTAGNE aciculaires et transparentes avec des faces terminales et des cristaux de CALCITES xx blancs comme neige, transparents et tr\u00e8s brillants.<\/p>\n<p>\n\tTrouv\u00e9 en 1977 dans la r\u00e9gion des Hautes Andes d'Ancash - P\u00e9rou - Am\u00e9rique du Sud<\/p>\n<p>\n\tDimensions : <u>22 x 13 x 7 cm  <\/u>   Jug\u00e9 :<u> 1,06 kilogramme<\/u><\/p>\n<p>\n\tLa derni\u00e8re image montre le dessous des marches<\/p>","protected":false},"excerpt":{"rendered":"<p>Marche en cristal tr\u00e8s attractive Beaucoup de CRISTALES DE MONTAGNE aciculaires et transparentes avec des cristaux de CALCITES xx blancs comme neige, transparents et tr\u00e8s brillants. D\u00e9couvert en 1977 dans la r\u00e9gion des Hautes Andes d'Ancash - P\u00e9rou - Am\u00e9rique du Sud Dimensions : 22 x 13 x 7 cm Poids : 1,06 kg La derni\u00e8re photo montre la face inf\u00e9rieure des marches.<\/p>","protected":false},"featured_media":6586,"template":"","meta":{"_acf_changed":false},"region":[],"product_brand":[],"product_cat":[19],"product_tag":[],"class_list":{"0":"post-6585","1":"product","2":"type-product","3":"status-publish","4":"has-post-thumbnail","6":"product_cat-kristallstufen","8":"first","9":"outofstock","10":"sold-individually","11":"product-type-simple"},"acf":[],"_links":{"self":[{"href":"https:\/\/westgem.shop\/fr\/wp-json\/wp\/v2\/product\/6585","targetHints":{"allow":["GET"]}}],"collection":[{"href":"https:\/\/westgem.shop\/fr\/wp-json\/wp\/v2\/product"}],"about":[{"href":"https:\/\/westgem.shop\/fr\/wp-json\/wp\/v2\/types\/product"}],"wp:featuredmedia":[{"embeddable":true,"href":"https:\/\/westgem.shop\/fr\/wp-json\/wp\/v2\/media\/6586"}],"wp:attachment":[{"href":"https:\/\/westgem.shop\/fr\/wp-json\/wp\/v2\/media?parent=6585"}],"wp:term":[{"taxonomy":"region","embeddable":true,"href":"https:\/\/westgem.shop\/fr\/wp-json\/wp\/v2\/region?post=6585"},{"taxonomy":"product_brand","embeddable":true,"href":"https:\/\/westgem.shop\/fr\/wp-json\/wp\/v2\/product_brand?post=6585"},{"taxonomy":"product_cat","embeddable":true,"href":"https:\/\/westgem.shop\/fr\/wp-json\/wp\/v2\/product_cat?post=6585"},{"taxonomy":"product_tag","embeddable":true,"href":"https:\/\/westgem.shop\/fr\/wp-json\/wp\/v2\/product_tag?post=6585"}],"curies":[{"name":"wp","href":"https:\/\/api.w.org\/{rel}","templated":true}]}}