{"id":6592,"date":"2003-04-15T00:00:00","date_gmt":"2003-04-15T00:00:00","guid":{"rendered":"https:\/\/miners.rocks\/product\/versteinertes-holz-arizona-6\/"},"modified":"2020-05-19T17:06:47","modified_gmt":"2020-05-19T17:06:47","slug":"bois-petrifie-arizona-6","status":"publish","type":"product","link":"https:\/\/westgem.shop\/fr\/produit\/bois-petrifie-arizona-6\/","title":{"rendered":"Bois p\u00e9trifi\u00e9 - ARIZONA"},"content":{"rendered":"<p>\n\tBelle pi\u00e8ce justificative de la c\u00e9l\u00e8bre Petriefied Forest \u00e0 Holbrook - Arizona - USA<\/p>\n<p>\n\tLa r\u00e9gion situ\u00e9e au sud du plateau du Colorado est un parc national depuis 1982. Les gardes forestiers surveillent les millions de visiteurs annuels pour s'assurer qu'aucun morceau n'est emport\u00e9.<\/p>\n<p>\n\tMorceau d'araucaria silicifi\u00e9 aux couleurs vives, vieux de plus de 200 millions d'ann\u00e9es, avec des parties d'\u00e9corce.<\/p>\n<p>\n\tDimensions : 10 x 10 x 7 cm Poids : 720 g<\/p>\n<p>\n\tCherchez sur Google : www:Petrified-Forest National Park -Wikipedia.....tr\u00e8s int\u00e9ressant et informatif.<\/p>\n<p>\n\tJ'ai achet\u00e9 il y a environ 15 ans une partie de quelques centaines de kilos. Le mat\u00e9riel a \u00e9t\u00e9 r\u00e9cup\u00e9r\u00e9 vers 1960 dans la Petriefied Forest et \"oubli\u00e9\" dans une ferme du Nevada. Il ne reste malheureusement que quelques pi\u00e8ces.<\/p>","protected":false},"excerpt":{"rendered":"<p>Beau sp\u00e9cimen de la c\u00e9l\u00e8bre Petriefied Forest \u00e0 Holbrook - Arizona - USA La r\u00e9gion, au sud du plateau du Colorado, est un parc national depuis 1982. Les gardes forestiers surveillent les millions de visiteurs annuels pour s'assurer qu'aucun morceau n'est emport\u00e9. Morceau d'araucaria silicifi\u00e9 color\u00e9, vieux de plus de 200 millions d'ann\u00e9es, avec des parties d'\u00e9corce. Dimensions : 10 x 10 x 7 cm Poids : [...]<\/p>","protected":false},"featured_media":6593,"template":"","meta":{"_acf_changed":false},"region":[61],"product_brand":[],"product_cat":[17],"product_tag":[],"class_list":{"0":"post-6592","1":"product","2":"type-product","3":"status-publish","4":"has-post-thumbnail","6":"region-nordamerika","7":"product_cat-fosilien","9":"first","10":"outofstock","11":"sold-individually","12":"product-type-simple"},"acf":[],"_links":{"self":[{"href":"https:\/\/westgem.shop\/fr\/wp-json\/wp\/v2\/product\/6592","targetHints":{"allow":["GET"]}}],"collection":[{"href":"https:\/\/westgem.shop\/fr\/wp-json\/wp\/v2\/product"}],"about":[{"href":"https:\/\/westgem.shop\/fr\/wp-json\/wp\/v2\/types\/product"}],"wp:featuredmedia":[{"embeddable":true,"href":"https:\/\/westgem.shop\/fr\/wp-json\/wp\/v2\/media\/6593"}],"wp:attachment":[{"href":"https:\/\/westgem.shop\/fr\/wp-json\/wp\/v2\/media?parent=6592"}],"wp:term":[{"taxonomy":"region","embeddable":true,"href":"https:\/\/westgem.shop\/fr\/wp-json\/wp\/v2\/region?post=6592"},{"taxonomy":"product_brand","embeddable":true,"href":"https:\/\/westgem.shop\/fr\/wp-json\/wp\/v2\/product_brand?post=6592"},{"taxonomy":"product_cat","embeddable":true,"href":"https:\/\/westgem.shop\/fr\/wp-json\/wp\/v2\/product_cat?post=6592"},{"taxonomy":"product_tag","embeddable":true,"href":"https:\/\/westgem.shop\/fr\/wp-json\/wp\/v2\/product_tag?post=6592"}],"curies":[{"name":"wp","href":"https:\/\/api.w.org\/{rel}","templated":true}]}}