{"id":6604,"date":"2003-04-18T00:00:00","date_gmt":"2003-04-18T00:00:00","guid":{"rendered":"https:\/\/miners.rocks\/product\/baryt-xx-chalcopyrit-xx\/"},"modified":"2020-05-19T17:06:49","modified_gmt":"2020-05-19T17:06:49","slug":"baryte-xx-chalcopyrite-xx","status":"publish","type":"product","link":"https:\/\/westgem.shop\/fr\/produit\/baryte-xx-chalcopyrite-xx\/","title":{"rendered":"BARYT xx CHALCOPYRIT xx"},"content":{"rendered":"<p>\n\tAncienne pi\u00e8ce justificative de l'ancien c\u00e9l\u00e8bre gisement bavarois de flu\ufb02spat.<\/p>\n<p>\n\tBARYT xx - PATIN DOUX avec petits cristaux CHALCOPYRIT en applique.<\/p>\n<p>\n\tW\u00f6lsendorf - Haut-Palatinat - Bavi\u00e8re - Allemagne<\/p>\n<p>\n\tDimensions : 13 x 10 x 4 cm Poids : 420 g<\/p>\n<p>\n\tLa derni\u00e8re image montre le dessous de la marche. <\/p>","protected":false},"excerpt":{"rendered":"<p>Ancienne pi\u00e8ce justificative de l'ancienne r\u00e9gion bavaroise de flu\ufb02spat. BARYT xx - SCHWERSPAT avec de petits cristaux de CHALCOPYRIT pos\u00e9s dessus. W\u00f6lsendorf - Oberpfalz - Bavi\u00e8re - Allemagne Dimensions : 13 x 10 x 4 cm Poids : 420 g La derni\u00e8re photo montre le dessous de la marche.<\/p>","protected":false},"featured_media":6605,"template":"","meta":{"_acf_changed":false},"region":[],"product_brand":[],"product_cat":[19],"product_tag":[],"class_list":{"0":"post-6604","1":"product","2":"type-product","3":"status-publish","4":"has-post-thumbnail","6":"product_cat-kristallstufen","8":"first","9":"outofstock","10":"sold-individually","11":"product-type-simple"},"acf":[],"_links":{"self":[{"href":"https:\/\/westgem.shop\/fr\/wp-json\/wp\/v2\/product\/6604","targetHints":{"allow":["GET"]}}],"collection":[{"href":"https:\/\/westgem.shop\/fr\/wp-json\/wp\/v2\/product"}],"about":[{"href":"https:\/\/westgem.shop\/fr\/wp-json\/wp\/v2\/types\/product"}],"wp:featuredmedia":[{"embeddable":true,"href":"https:\/\/westgem.shop\/fr\/wp-json\/wp\/v2\/media\/6605"}],"wp:attachment":[{"href":"https:\/\/westgem.shop\/fr\/wp-json\/wp\/v2\/media?parent=6604"}],"wp:term":[{"taxonomy":"region","embeddable":true,"href":"https:\/\/westgem.shop\/fr\/wp-json\/wp\/v2\/region?post=6604"},{"taxonomy":"product_brand","embeddable":true,"href":"https:\/\/westgem.shop\/fr\/wp-json\/wp\/v2\/product_brand?post=6604"},{"taxonomy":"product_cat","embeddable":true,"href":"https:\/\/westgem.shop\/fr\/wp-json\/wp\/v2\/product_cat?post=6604"},{"taxonomy":"product_tag","embeddable":true,"href":"https:\/\/westgem.shop\/fr\/wp-json\/wp\/v2\/product_tag?post=6604"}],"curies":[{"name":"wp","href":"https:\/\/api.w.org\/{rel}","templated":true}]}}