{"id":6608,"date":"2003-04-19T00:00:00","date_gmt":"2003-04-19T00:00:00","guid":{"rendered":"https:\/\/miners.rocks\/product\/orange-river-jaspis-4\/"},"modified":"2021-09-05T15:27:51","modified_gmt":"2021-09-05T15:27:51","slug":"orange-river-jaspis-4","status":"publish","type":"product","link":"https:\/\/westgem.shop\/fr\/produit\/orange-river-jaspis-4\/","title":{"rendered":"Jaspe de la rivi\u00e8re Orange"},"content":{"rendered":"<p>\n\tPierre brute d\u00e9corative<\/p>\n<p>\n\t<b>JASPIS <\/b><\/p>\n<p>\n\tJASPILITE serait en fait la d\u00e9signation min\u00e9ralogique correcte pour cette vari\u00e9t\u00e9 de quartz<\/p>\n<p>\n\tPierre \u00e0 corne de Fe ruban\u00e9e, h\u00e9matite, quartz \u00e0 grain fin, calc\u00e9doine (jaspe) et, de mani\u00e8re secondaire, sid\u00e9rite.<\/p>\n<p>\n\t\u00c2ge : 2,3 - 2,5 MILLIARDS d'ann\u00e9es <\/p>\n<\/p>\n<p>\n\tlocalisation de la trouvaille : Transvaal Supergroup - Kuruman -Northern Cape - Afrique du Sud<\/p>\n<p>\n\tDimensions : 12 x 12 x9 cm Poids : 1,6 kilogramme<\/p>\n<p>\n\tLes images montrent tous les c\u00f4t\u00e9s de la pierre.<\/p>\n<p>\n\tPhotographi\u00e9 mouill\u00e9.<\/p>","protected":false},"excerpt":{"rendered":"<p>Pierre brute d\u00e9corative JASPIS JASPILITE serait en fait la d\u00e9signation min\u00e9ralogique correcte pour cette vari\u00e9t\u00e9 de quartz Pierre corn\u00e9e de Fe ruban\u00e9e, h\u00e9matite, quartz \u00e0 grain fin, calc\u00e9doine (jaspe) et subordonn\u00e9e sid\u00e9rite. \u00c2ge : 2,3 - 2,5 MILLIARDS d'ann\u00e9es Lieu de d\u00e9couverte : Transvaal Supergroup - Kuruman -Northern Cape - Afrique du Sud Dimensions : 12 x 12 x9 cm Poids : 1,6 kilogrammes Les photos montrent toutes les faces de la pierre. Photographi\u00e9 humide.<\/p>","protected":false},"featured_media":6609,"template":"","meta":{"_acf_changed":false},"region":[],"product_brand":[],"product_cat":[16],"product_tag":[],"class_list":{"0":"post-6608","1":"product","2":"type-product","3":"status-publish","4":"has-post-thumbnail","6":"product_cat-rohsteine","8":"first","9":"outofstock","10":"sold-individually","11":"product-type-simple"},"acf":[],"_links":{"self":[{"href":"https:\/\/westgem.shop\/fr\/wp-json\/wp\/v2\/product\/6608","targetHints":{"allow":["GET"]}}],"collection":[{"href":"https:\/\/westgem.shop\/fr\/wp-json\/wp\/v2\/product"}],"about":[{"href":"https:\/\/westgem.shop\/fr\/wp-json\/wp\/v2\/types\/product"}],"wp:featuredmedia":[{"embeddable":true,"href":"https:\/\/westgem.shop\/fr\/wp-json\/wp\/v2\/media\/6609"}],"wp:attachment":[{"href":"https:\/\/westgem.shop\/fr\/wp-json\/wp\/v2\/media?parent=6608"}],"wp:term":[{"taxonomy":"region","embeddable":true,"href":"https:\/\/westgem.shop\/fr\/wp-json\/wp\/v2\/region?post=6608"},{"taxonomy":"product_brand","embeddable":true,"href":"https:\/\/westgem.shop\/fr\/wp-json\/wp\/v2\/product_brand?post=6608"},{"taxonomy":"product_cat","embeddable":true,"href":"https:\/\/westgem.shop\/fr\/wp-json\/wp\/v2\/product_cat?post=6608"},{"taxonomy":"product_tag","embeddable":true,"href":"https:\/\/westgem.shop\/fr\/wp-json\/wp\/v2\/product_tag?post=6608"}],"curies":[{"name":"wp","href":"https:\/\/api.w.org\/{rel}","templated":true}]}}