{"id":6618,"date":"2003-04-21T00:00:00","date_gmt":"2003-04-21T00:00:00","guid":{"rendered":"https:\/\/miners.rocks\/product\/zinkblende-sphalerit-xx\/"},"modified":"2020-05-19T17:06:50","modified_gmt":"2020-05-19T17:06:50","slug":"cache-en-zinc-sphalerit-xx","status":"publish","type":"product","link":"https:\/\/westgem.shop\/fr\/produit\/cache-en-zinc-sphalerit-xx\/","title":{"rendered":"BILLES D'\u00c9TIN - SPHALERIT xx"},"content":{"rendered":"<p>\n\tPetit niveau SPHALERIZT xx = ZINKBLENDE<\/p>\n<p>\n\tAutre nom : ZINKSULFID - cristaux cubiques - petits cristaux de roche sur la face inf\u00e9rieure.<\/p>\n<p>\n\tAncienne pi\u00e8ce des mines de Trepca au Kosovo (ex-Yougoslavie)<\/p>\n<p>\n\tDimensions : 5,5 x 4 x 4 cm Poids : 120 g<\/p>","protected":false},"excerpt":{"rendered":"<p>Petit niveau SPHALERIZT xx = ZINKBLENDE Autre nom est ZINKSULFID - cristaux cubiques - \u00e0 la face inf\u00e9rieure petits cristaux de roche. Ancienne pi\u00e8ce provenant des mines de Trepca au Kosovo (ex-Yougoslavie) Dimensions : 5,5 x 4 x 4 cm Poids : 120 g<\/p>","protected":false},"featured_media":6619,"template":"","meta":{"_acf_changed":false},"region":[],"product_brand":[],"product_cat":[19],"product_tag":[],"class_list":{"0":"post-6618","1":"product","2":"type-product","3":"status-publish","4":"has-post-thumbnail","6":"product_cat-kristallstufen","8":"first","9":"outofstock","10":"sold-individually","11":"product-type-simple"},"acf":[],"_links":{"self":[{"href":"https:\/\/westgem.shop\/fr\/wp-json\/wp\/v2\/product\/6618","targetHints":{"allow":["GET"]}}],"collection":[{"href":"https:\/\/westgem.shop\/fr\/wp-json\/wp\/v2\/product"}],"about":[{"href":"https:\/\/westgem.shop\/fr\/wp-json\/wp\/v2\/types\/product"}],"wp:featuredmedia":[{"embeddable":true,"href":"https:\/\/westgem.shop\/fr\/wp-json\/wp\/v2\/media\/6619"}],"wp:attachment":[{"href":"https:\/\/westgem.shop\/fr\/wp-json\/wp\/v2\/media?parent=6618"}],"wp:term":[{"taxonomy":"region","embeddable":true,"href":"https:\/\/westgem.shop\/fr\/wp-json\/wp\/v2\/region?post=6618"},{"taxonomy":"product_brand","embeddable":true,"href":"https:\/\/westgem.shop\/fr\/wp-json\/wp\/v2\/product_brand?post=6618"},{"taxonomy":"product_cat","embeddable":true,"href":"https:\/\/westgem.shop\/fr\/wp-json\/wp\/v2\/product_cat?post=6618"},{"taxonomy":"product_tag","embeddable":true,"href":"https:\/\/westgem.shop\/fr\/wp-json\/wp\/v2\/product_tag?post=6618"}],"curies":[{"name":"wp","href":"https:\/\/api.w.org\/{rel}","templated":true}]}}